{"id":1539,"date":"2025-09-18T17:18:06","date_gmt":"2025-09-18T21:18:06","guid":{"rendered":"https:\/\/magnaestetica.com\/?page_id=1539"},"modified":"2026-03-10T21:12:43","modified_gmt":"2026-03-11T01:12:43","slug":"contacto","status":"publish","type":"page","link":"https:\/\/magnaestetica.com\/en\/contacto\/","title":{"rendered":"Contact us"},"content":{"rendered":"\t\t<div data-elementor-type=\"wp-page\" data-elementor-id=\"1539\" class=\"elementor elementor-1539\">\n\t\t\t\t<div class=\"elementor-element elementor-element-6d82982 e-flex e-con-boxed wpr-particle-no wpr-jarallax-no wpr-parallax-no wpr-sticky-section-no wpr-equal-height-no e-con e-parent\" data-id=\"6d82982\" data-element_type=\"container\" data-e-type=\"container\" data-settings=\"{&quot;background_background&quot;:&quot;classic&quot;}\">\n\t\t\t\t\t<div class=\"e-con-inner\">\n\t\t\t\t\t<\/div>\n\t\t\t\t<\/div>\n\t\t<div class=\"elementor-element elementor-element-84540bf e-flex e-con-boxed wpr-particle-no wpr-jarallax-no wpr-parallax-no wpr-sticky-section-no wpr-equal-height-no e-con e-parent\" data-id=\"84540bf\" data-element_type=\"container\" data-e-type=\"container\">\n\t\t\t\t\t<div class=\"e-con-inner\">\n\t\t\t\t<div class=\"elementor-element elementor-element-a57e93e elementor-widget elementor-widget-heading\" data-id=\"a57e93e\" data-element_type=\"widget\" data-e-type=\"widget\" data-widget_type=\"heading.default\">\n\t\t\t\t\t<h2 class=\"elementor-heading-title elementor-size-default\">HABLA CON NOSOTROS<\/h2>\t\t\t\t<\/div>\n\t\t\t\t<div class=\"elementor-element elementor-element-4ccee7e elementor-widget elementor-widget-text-editor\" data-id=\"4ccee7e\" data-element_type=\"widget\" data-e-type=\"widget\" data-widget_type=\"text-editor.default\">\n\t\t\t\t\t\t\t\t\t<p>La Unidad de Cirug\u00eda Pl\u00e1stica de Magna Est\u00e9tica, opera en el Centro M\u00e9dico El Pac\u00edfico, bajo la direcci\u00f3n del Dr. Guarocuya Alm\u00e1nzar<\/p>\t\t\t\t\t\t\t\t<\/div>\n\t\t\t\t<div class=\"elementor-element elementor-element-f2554c5 elementor-widget-divider--view-line_icon elementor-view-default elementor-widget-divider--element-align-center elementor-widget elementor-widget-divider\" data-id=\"f2554c5\" data-element_type=\"widget\" data-e-type=\"widget\" data-widget_type=\"divider.default\">\n\t\t\t\t\t\t\t<div class=\"elementor-divider\">\n\t\t\t<span class=\"elementor-divider-separator\">\n\t\t\t\t\t\t\t<div class=\"elementor-icon elementor-divider__element\">\n\t\t\t\t\t<i aria-hidden=\"true\" class=\"icon icon-flower\"><\/i><\/div>\n\t\t\t\t\t\t<\/span>\n\t\t<\/div>\n\t\t\t\t\t\t<\/div>\n\t\t\t\t\t<\/div>\n\t\t\t\t<\/div>\n\t\t<div class=\"elementor-element elementor-element-a6db466 e-flex e-con-boxed wpr-particle-no wpr-jarallax-no wpr-parallax-no wpr-sticky-section-no wpr-equal-height-no e-con e-parent\" data-id=\"a6db466\" data-element_type=\"container\" data-e-type=\"container\">\n\t\t\t\t\t<div class=\"e-con-inner\">\n\t\t<div class=\"elementor-element elementor-element-1905bb8 e-con-full e-flex wpr-particle-no wpr-jarallax-no wpr-parallax-no wpr-sticky-section-no wpr-equal-height-no e-con e-child\" data-id=\"1905bb8\" data-element_type=\"container\" data-e-type=\"container\" data-settings=\"{&quot;background_background&quot;:&quot;classic&quot;}\">\n\t\t\t\t<div class=\"elementor-element elementor-element-b0f316f elementor-icon-list--layout-traditional elementor-list-item-link-full_width elementor-widget elementor-widget-icon-list\" data-id=\"b0f316f\" data-element_type=\"widget\" data-e-type=\"widget\" data-widget_type=\"icon-list.default\">\n\t\t\t\t\t\t\t<ul class=\"elementor-icon-list-items\">\n\t\t\t\t\t\t\t<li class=\"elementor-icon-list-item\">\n\t\t\t\t\t\t\t\t\t\t\t<span class=\"elementor-icon-list-icon\">\n\t\t\t\t\t\t\t<svg aria-hidden=\"true\" class=\"e-font-icon-svg e-far-hospital\" viewBox=\"0 0 448 512\" xmlns=\"http:\/\/www.w3.org\/2000\/svg\"><path d=\"M128 244v-40c0-6.627 5.373-12 12-12h40c6.627 0 12 5.373 12 12v40c0 6.627-5.373 12-12 12h-40c-6.627 0-12-5.373-12-12zm140 12h40c6.627 0 12-5.373 12-12v-40c0-6.627-5.373-12-12-12h-40c-6.627 0-12 5.373-12 12v40c0 6.627 5.373 12 12 12zm-76 84v-40c0-6.627-5.373-12-12-12h-40c-6.627 0-12 5.373-12 12v40c0 6.627 5.373 12 12 12h40c6.627 0 12-5.373 12-12zm76 12h40c6.627 0 12-5.373 12-12v-40c0-6.627-5.373-12-12-12h-40c-6.627 0-12 5.373-12 12v40c0 6.627 5.373 12 12 12zm180 124v36H0v-36c0-6.627 5.373-12 12-12h19.5V85.035C31.5 73.418 42.245 64 55.5 64H144V24c0-13.255 10.745-24 24-24h112c13.255 0 24 10.745 24 24v40h88.5c13.255 0 24 9.418 24 21.035V464H436c6.627 0 12 5.373 12 12zM79.5 463H192v-67c0-6.627 5.373-12 12-12h40c6.627 0 12 5.373 12 12v67h112.5V112H304v24c0 13.255-10.745 24-24 24H168c-13.255 0-24-10.745-24-24v-24H79.5v351zM266 64h-26V38a6 6 0 0 0-6-6h-20a6 6 0 0 0-6 6v26h-26a6 6 0 0 0-6 6v20a6 6 0 0 0 6 6h26v26a6 6 0 0 0 6 6h20a6 6 0 0 0 6-6V96h26a6 6 0 0 0 6-6V70a6 6 0 0 0-6-6z\"><\/path><\/svg>\t\t\t\t\t\t<\/span>\n\t\t\t\t\t\t\t\t\t\t<span class=\"elementor-icon-list-text\"><b>CENTRO M\u00c9DICO EL PAC\u00cdFICO<\/b><\/span>\n\t\t\t\t\t\t\t\t\t<\/li>\n\t\t\t\t\t\t\t\t<li class=\"elementor-icon-list-item\">\n\t\t\t\t\t\t\t\t\t\t\t<span class=\"elementor-icon-list-icon\">\n\t\t\t\t\t\t\t<i aria-hidden=\"true\" class=\"icon icon-map-marker1\"><\/i>\t\t\t\t\t\t<\/span>\n\t\t\t\t\t\t\t\t\t\t<span class=\"elementor-icon-list-text\">Calle Pedro Libio Cede\u00f1o #39, Ensanche Luper\u00f3n. Santo Domingo, D.N. Rep\u00fablica Dominicana<\/span>\n\t\t\t\t\t\t\t\t\t<\/li>\n\t\t\t\t\t\t\t\t<li class=\"elementor-icon-list-item\">\n\t\t\t\t\t\t\t\t\t\t\t<a href=\"tel:18094229302\">\n\n\t\t\t\t\t\t\t\t\t\t\t\t<span class=\"elementor-icon-list-icon\">\n\t\t\t\t\t\t\t<i aria-hidden=\"true\" class=\"icon icon-phone-call\"><\/i>\t\t\t\t\t\t<\/span>\n\t\t\t\t\t\t\t\t\t\t<span class=\"elementor-icon-list-text\">+1(809) 422-9302<\/span>\n\t\t\t\t\t\t\t\t\t\t\t<\/a>\n\t\t\t\t\t\t\t\t\t<\/li>\n\t\t\t\t\t\t\t\t<li class=\"elementor-icon-list-item\">\n\t\t\t\t\t\t\t\t\t\t\t<a href=\"mailto:contacto@magnaestetica.com\">\n\n\t\t\t\t\t\t\t\t\t\t\t\t<span class=\"elementor-icon-list-icon\">\n\t\t\t\t\t\t\t<i aria-hidden=\"true\" class=\"icon icon-envelope1\"><\/i>\t\t\t\t\t\t<\/span>\n\t\t\t\t\t\t\t\t\t\t<span class=\"elementor-icon-list-text\">contacto@magnaestetica.com<\/span>\n\t\t\t\t\t\t\t\t\t\t\t<\/a>\n\t\t\t\t\t\t\t\t\t<\/li>\n\t\t\t\t\t\t<\/ul>\n\t\t\t\t\t\t<\/div>\n\t\t\t\t<div class=\"elementor-element elementor-element-e55dd4f elementor-widget elementor-widget-image\" data-id=\"e55dd4f\" data-element_type=\"widget\" data-e-type=\"widget\" data-widget_type=\"image.default\">\n\t\t\t\t\t\t\t\t\t\t\t\t\t\t\t<img fetchpriority=\"high\" decoding=\"async\" width=\"997\" height=\"712\" src=\"https:\/\/magnaestetica.com\/wp-content\/uploads\/2026\/02\/magna-pacifico-0.webp\" class=\"attachment-large size-large wp-image-3083\" alt=\"\" srcset=\"https:\/\/magnaestetica.com\/wp-content\/uploads\/2026\/02\/magna-pacifico-0.webp 997w, https:\/\/magnaestetica.com\/wp-content\/uploads\/2026\/02\/magna-pacifico-0-300x214.webp 300w, https:\/\/magnaestetica.com\/wp-content\/uploads\/2026\/02\/magna-pacifico-0-768x548.webp 768w, https:\/\/magnaestetica.com\/wp-content\/uploads\/2026\/02\/magna-pacifico-0-18x12.webp 18w\" sizes=\"(max-width: 997px) 100vw, 997px\" \/>\t\t\t\t\t\t\t\t\t\t\t\t\t\t\t<\/div>\n\t\t\t\t<div class=\"elementor-element elementor-element-b112b48 elementor-widget elementor-widget-html\" data-id=\"b112b48\" data-element_type=\"widget\" data-e-type=\"widget\" data-widget_type=\"html.default\">\n\t\t\t\t\t<iframe src=\"https:\/\/www.google.com\/maps\/embed?pb=!1m18!1m12!1m3!1d3783.7426538893556!2d-69.90006249999999!3d18.495312500000004!2m3!1f0!2f0!3f0!3m2!1i1024!2i768!4f13.1!3m3!1m2!1s0x8eaf87c821a021a7%3A0xc9dae80d0fc57219!2sDr.%20Guarocuya%20Alm%C3%A1nzar%20Castillo%20-%20Magna%20Estetica%20Centro%20De%20Cirug%C3%ADa!5e0!3m2!1ses!2sdo!4v1771969376030!5m2!1ses!2sdo\" width=\"100%\" height=\"400\" style=\"border:0;\" allowfullscreen=\"\" loading=\"lazy\" referrerpolicy=\"no-referrer-when-downgrade\"><\/iframe>\t\t\t\t<\/div>\n\t\t\t\t<\/div>\n\t\t<div class=\"elementor-element elementor-element-ba9a4fb e-con-full e-flex wpr-particle-no wpr-jarallax-no wpr-parallax-no wpr-sticky-section-no wpr-equal-height-no e-con e-child\" data-id=\"ba9a4fb\" data-element_type=\"container\" data-e-type=\"container\" data-settings=\"{&quot;background_background&quot;:&quot;classic&quot;}\">\n\t\t\t\t<div class=\"elementor-element elementor-element-3aab9a3 elementor-widget elementor-widget-heading\" data-id=\"3aab9a3\" data-element_type=\"widget\" data-e-type=\"widget\" data-widget_type=\"heading.default\">\n\t\t\t\t\t<h2 class=\"elementor-heading-title elementor-size-default\">Consulta nuestros servicios<\/h2>\t\t\t\t<\/div>\n\t\t\t\t<div class=\"elementor-element elementor-element-212593c elementor-widget elementor-widget-text-editor\" data-id=\"212593c\" data-element_type=\"widget\" data-e-type=\"widget\" data-widget_type=\"text-editor.default\">\n\t\t\t\t\t\t\t\t\t<p>Perm\u00edtenos orientarte y aclarar tus inquietudes sobre nuestros servicios.<\/p>\t\t\t\t\t\t\t\t<\/div>\n\t\t\t\t<div class=\"elementor-element elementor-element-5c5dbce fluentform-widget-submit-button-left fluentform-widget-submit-button-custom elementor-widget elementor-widget-fluent-form-widget\" data-id=\"5c5dbce\" data-element_type=\"widget\" data-e-type=\"widget\" data-widget_type=\"fluent-form-widget.default\">\n\t\t\t\t<div class=\"elementor-widget-container\">\n\t\t\t\t\t\n            <div class=\"fluentform-widget-wrapper fluentform-widget-custom-radio-checkbox fluentform-widget-align-default\">\n\n            \n            <div class='fluentform ff-inherit-theme-style fluentform_wrapper_3'><form data-form_id=\"3\" id=\"fluentform_3\" class=\"frm-fluent-form fluent_form_3 ff-el-form-top ff_form_instance_3_1 ff-form-loading ff_has_v3_recptcha ffs_inherit_theme\" data-form_instance=\"ff_form_instance_3_1\" method=\"POST\" data-recptcha_key=\"6LeX99IrAAAAAGyKM7ffoxsfJpoPLU2vGt50hj01\" ><fieldset  style=\"border: none!important;margin: 0!important;padding: 0!important;background-color: transparent!important;box-shadow: none!important;outline: none!important; min-inline-size: 100%;\">\n                    <legend class=\"ff_screen_reader_title\" style=\"display: block; margin: 0!important;padding: 0!important;height: 0!important;text-indent: -999999px;width: 0!important;overflow:hidden;\">Formulario de contacto<\/legend><input type='hidden' name='__fluent_form_embded_post_id' value='1539' \/><input type=\"hidden\" id=\"_fluentform_3_fluentformnonce\" name=\"_fluentform_3_fluentformnonce\" value=\"949c991d65\" \/><input type=\"hidden\" name=\"_wp_http_referer\" value=\"\/en\/wp-json\/wp\/v2\/pages\/1539\" \/><div data-type=\"name-element\" data-name=\"names\" class=\" ff-field_container ff-name-field-wrapper\" ><div class='ff-t-container'><div class='ff-t-cell '><div class='ff-el-group ff-el-form-hide_label'><div class=\"ff-el-input--label ff-el-is-required asterisk-right\"><label for='ff_3_names_first_name_' id='label_ff_3_names_first_name_' >Nombre<\/label><\/div><div class='ff-el-input--content'><input type=\"text\" name=\"names[first_name]\" id=\"ff_3_names_first_name_\" class=\"ff-el-form-control\" placeholder=\"Tu nombre\" aria-invalid=\"false\" aria-required=true><\/div><\/div><\/div><\/div><\/div><div class='ff-el-group ff-el-form-hide_label'><div class=\"ff-el-input--label ff-el-is-required asterisk-right\"><label for='ff_3_email' id='label_ff_3_email' aria-label=\"Correo electr\u00f3nico\">Correo electr\u00f3nico<\/label><\/div><div class='ff-el-input--content'><input type=\"email\" name=\"email\" id=\"ff_3_email\" class=\"ff-el-form-control\" placeholder=\"Correo Electr\u00f3nico\" data-name=\"email\"  aria-invalid=\"false\" aria-required=true><\/div><\/div><div class='ff-el-group ff-el-form-hide_label'><div class=\"ff-el-input--label ff-el-is-required asterisk-right\"><label for='ff_3_input_mask' id='label_ff_3_input_mask' aria-label=\"Entrada de m\u00e1scara\">Entrada de m\u00e1scara<\/label><\/div><div class='ff-el-input--content'><input type=\"text\" name=\"input_mask\" data-mask=\"(000) 000-0000\" class=\"ff-el-form-control\" placeholder=\"N\u00famero de WhatsApp\" data-name=\"input_mask\" id=\"ff_3_input_mask\"  aria-invalid=\"false\" aria-required=true><\/div><\/div><div class='ff-el-group ff-el-form-hide_label'><div class=\"ff-el-input--label ff-el-is-required asterisk-right\"><label for='ff_3_dropdown' id='label_ff_3_dropdown' aria-label=\"\u00bfCu\u00e1ntos hijos tienes?\">\u00bfCu\u00e1ntos hijos tienes?<\/label><\/div><div class='ff-el-input--content'><select name=\"dropdown\" id=\"ff_3_dropdown\" class=\"ff-el-form-control\" data-name=\"dropdown\" data-calc_value=\"0\"  aria-invalid=\"false\" aria-required=\"true\" aria-labelledby=\"label_ff_3_dropdown\"><option value=\"\">\u00bfCu\u00e1ntos hijos tienes?<\/option><option value=\"Ninguno\"  >Ninguno<\/option><option value=\"1\"  >1<\/option><option value=\"2\"  >2<\/option><option value=\"3\"  >3<\/option><option value=\"4\"  >4<\/option><option value=\"M\u00e1s de 4\"  >M\u00e1s de 4<\/option><\/select><\/div><\/div><div class='ff-el-group ff-el-form-hide_label'><div class=\"ff-el-input--label ff-el-is-required asterisk-right\"><label for='ff_3_dropdown_1' id='label_ff_3_dropdown_1' aria-label=\"Servicio a consultar\">Servicio a consultar<\/label><\/div><div class='ff-el-input--content'><select name=\"dropdown_1\" id=\"ff_3_dropdown_1\" class=\"ff-el-form-control\" data-name=\"dropdown_1\" data-calc_value=\"0\"  aria-invalid=\"false\" aria-required=\"true\" aria-labelledby=\"label_ff_3_dropdown_1\"><option value=\"\">\u00bfCu\u00e1l servicio deseas consultar?<\/option><option value=\"Informaci\u00f3n general\"  >Informaci\u00f3n general<\/option><option value=\"Lipoescultura BBL\"  >Lipoescultura BBL<\/option><option value=\"Aumento de gl\u00fateos\"  >Aumento de gl\u00fateos<\/option><option value=\"Abdominoplastia\"  >Abdominoplastia<\/option><option value=\"Liposucci\u00f3n\"  >Liposucci\u00f3n<\/option><option value=\"Aumento de senos\"  >Aumento de senos<\/option><option value=\"Levantamiento de senos\"  >Levantamiento de senos<\/option><option value=\"Reducci\u00f3n de senos\"  >Reducci\u00f3n de senos<\/option><option value=\"Nariz o Rinoplastia\"  >Nariz o Rinoplastia<\/option><option value=\"Lifting o Estiramiento facial\"  >Lifting o Estiramiento facial<\/option><option value=\"P\u00e1rpados o Blefaroplastia\"  >P\u00e1rpados o Blefaroplastia<\/option><\/select><\/div><\/div><div class='ff-el-group ff-el-form-hide_label'><div class=\"ff-el-input--label asterisk-right\"><label for='ff_3_description' id='label_ff_3_description' aria-label=\"Mensaje\">Mensaje<\/label><\/div><div class='ff-el-input--content'><textarea aria-required=\"false\" aria-labelledby=\"label_ff_3_description\" name=\"description\" id=\"ff_3_description\" class=\"ff-el-form-control\" placeholder=\"D\u00e9janos un mensaje\" rows=\"4\" cols=\"2\" data-name=\"description\" ><\/textarea><\/div><\/div><div class='ff-el-group    ff-el-input--content'><div class='ff-el-form-check ff-el-tc'><label aria-label='Terms and Conditions: Acepto los T\u00e9rminos y condiciones y las Pol\u00edticas de privacidad Contains 2 links. Use tab navigation to review.' class='ff-el-form-check-label ff_tc_label' for=terms-n-condition_d494d23f8accc9145562945ad4b83802><span class='ff_tc_checkbox'><input type=\"checkbox\" name=\"terms-n-condition\" class=\"ff-el-form-check-input\" data-name=\"terms-n-condition\" id=\"terms-n-condition_d494d23f8accc9145562945ad4b83802\"  value='on' aria-invalid='false' aria-required=true><\/span> <div class='ff_t_c'><p>Acepto los <a href=\"https:\/\/magnaestetica.com\/terminos-y-condiciones\/\" target=\"_blank\" rel=\"noopener\">T\u00e9rminos y condiciones<\/a> y las <a href=\"https:\/\/magnaestetica.com\/politica-privacidad\/\" target=\"_blank\" rel=\"noopener\">Pol\u00edticas de privacidad<\/a><\/p><\/div><\/label><\/div><\/div><div class='ff-el-group ff-text-left ff_submit_btn_wrapper'><button type=\"submit\" class=\"ff-btn ff-btn-submit ff-btn-lg ff_btn_no_style\"  aria-label=\"Enviar\">Enviar<\/button><\/div><\/fieldset><\/form><div id='fluentform_3_errors' class='ff-errors-in-stack ff_form_instance_3_1 ff-form-loading_errors ff_form_instance_3_1_errors'><\/div><\/div>            <script type=\"text\/javascript\">\n                window.fluent_form_ff_form_instance_3_1 = {\"id\":\"3\",\"ajaxUrl\":\"https:\\\/\\\/magnaestetica.com\\\/wp-admin\\\/admin-ajax.php\",\"settings\":{\"layout\":{\"labelPlacement\":\"top\",\"asteriskPlacement\":\"asterisk-right\",\"helpMessagePlacement\":\"with_label\",\"errorMessagePlacement\":\"inline\",\"cssClassName\":\"\"},\"restrictions\":{\"denyEmptySubmission\":{\"enabled\":false}}},\"form_instance\":\"ff_form_instance_3_1\",\"form_id_selector\":\"fluentform_3\",\"rules\":{\"names[first_name]\":{\"required\":{\"value\":true,\"message\":\"Por favor, ingresa tu nombre\",\"global_message\":\"Este campo es obligatorio\",\"global\":false}},\"names[middle_name]\":{\"required\":{\"value\":false,\"message\":\"Este campo es obligatorio\",\"global_message\":\"Este campo es obligatorio\",\"global\":true}},\"names[last_name]\":{\"required\":{\"value\":false,\"message\":\"Este campo es obligatorio\",\"global_message\":\"Este campo es obligatorio\",\"global\":true}},\"email\":{\"required\":{\"value\":true,\"message\":\"Por favor, ingresa tu correo electr\\u00f3nico\",\"global_message\":\"Este campo es obligatorio\",\"global\":false},\"email\":{\"value\":true,\"message\":\"Ingresa un correo electr\\u00f3nico v\\u00e1lido\",\"global_message\":\"Este campo debe contener un correo electr\\u00f3nico v\\u00e1lido\",\"global\":false}},\"input_mask\":{\"required\":{\"value\":true,\"message\":\"Por favor, ingresa tu n\\u00famero de WhatsApp\",\"global_message\":\"Este campo es obligatorio\",\"global\":false}},\"dropdown\":{\"required\":{\"value\":true,\"message\":\"Indica cu\\u00e1ntos hijos tienes\",\"global_message\":\"Este campo es obligatorio\",\"global\":false}},\"dropdown_1\":{\"required\":{\"value\":true,\"message\":\"Indica el servicio que deseas consultar\",\"global_message\":\"Este campo es obligatorio\",\"global\":false}},\"description\":{\"required\":{\"value\":false,\"message\":\"Este campo es obligatorio\",\"global_message\":\"Este campo es obligatorio\",\"global\":true}},\"terms-n-condition\":{\"required\":{\"value\":true,\"message\":\"Debes aceptar nuestros T\\u00e9rminos y condiciones y nuestras Pol\\u00edticas de privacidad\",\"global_message\":\"Este campo es obligatorio\",\"global\":false}},\"g-recaptcha-response\":[]},\"debounce_time\":300};\n                            <\/script>\n                        <\/div>\n\n            \t\t\t\t<\/div>\n\t\t\t\t<\/div>\n\t\t\t\t<\/div>\n\t\t\t\t\t<\/div>\n\t\t\t\t<\/div>\n\t\t\t\t<\/div>\n\t\t","protected":false},"excerpt":{"rendered":"<p>HABLA CON NOSOTROS La Unidad de Cirug\u00eda Pl\u00e1stica de Magna Est\u00e9tica, opera en el Centro M\u00e9dico El Pac\u00edfico, bajo la direcci\u00f3n del Dr. Guarocuya Alm\u00e1nzar CENTRO M\u00c9DICO EL PAC\u00cdFICO Calle Pedro Libio Cede\u00f1o #39, Ensanche Luper\u00f3n. Santo Domingo, D.N. Rep\u00fablica Dominicana +1(809) 422-9302 contacto@magnaestetica.com Consulta nuestros servicios Perm\u00edtenos orientarte y aclarar tus inquietudes sobre nuestros servicios. Formulario de contacto NombreCorreo electr\u00f3nicoEntrada de m\u00e1scara\u00bfCu\u00e1ntos hijos tienes?\u00bfCu\u00e1ntos hijos tienes?Ninguno1234M\u00e1s de 4Servicio a consultar\u00bfCu\u00e1l servicio deseas consultar?Informaci\u00f3n generalLipoescultura BBLAumento de gl\u00fateosAbdominoplastiaLiposucci\u00f3nAumento de senosLevantamiento de senosReducci\u00f3n de senosNariz o RinoplastiaLifting o Estiramiento facialP\u00e1rpados o BlefaroplastiaMensaje Acepto los T\u00e9rminos y condiciones y las Pol\u00edticas de privacidad Enviar<\/p>","protected":false},"author":1,"featured_media":1550,"parent":0,"menu_order":0,"comment_status":"closed","ping_status":"closed","template":"elementor_header_footer","meta":{"_lmt_disableupdate":"no","_lmt_disable":"","footnotes":""},"class_list":["post-1539","page","type-page","status-publish","has-post-thumbnail"],"_links":{"self":[{"href":"https:\/\/magnaestetica.com\/en\/wp-json\/wp\/v2\/pages\/1539","targetHints":{"allow":["GET"]}}],"collection":[{"href":"https:\/\/magnaestetica.com\/en\/wp-json\/wp\/v2\/pages"}],"about":[{"href":"https:\/\/magnaestetica.com\/en\/wp-json\/wp\/v2\/types\/page"}],"author":[{"embeddable":true,"href":"https:\/\/magnaestetica.com\/en\/wp-json\/wp\/v2\/users\/1"}],"replies":[{"embeddable":true,"href":"https:\/\/magnaestetica.com\/en\/wp-json\/wp\/v2\/comments?post=1539"}],"version-history":[{"count":22,"href":"https:\/\/magnaestetica.com\/en\/wp-json\/wp\/v2\/pages\/1539\/revisions"}],"predecessor-version":[{"id":3102,"href":"https:\/\/magnaestetica.com\/en\/wp-json\/wp\/v2\/pages\/1539\/revisions\/3102"}],"wp:featuredmedia":[{"embeddable":true,"href":"https:\/\/magnaestetica.com\/en\/wp-json\/wp\/v2\/media\/1550"}],"wp:attachment":[{"href":"https:\/\/magnaestetica.com\/en\/wp-json\/wp\/v2\/media?parent=1539"}],"curies":[{"name":"wp","href":"https:\/\/api.w.org\/{rel}","templated":true}]}}