{"id":1628,"date":"2025-09-19T10:03:16","date_gmt":"2025-09-19T14:03:16","guid":{"rendered":"https:\/\/magnaestetica.com\/?page_id=1628"},"modified":"2025-09-26T09:41:00","modified_gmt":"2025-09-26T13:41:00","slug":"antes-y-despues","status":"publish","type":"page","link":"https:\/\/magnaestetica.com\/en\/antes-y-despues\/","title":{"rendered":"Before and After"},"content":{"rendered":"<div data-elementor-type=\"wp-page\" data-elementor-id=\"1628\" class=\"elementor elementor-1628\">\n\t\t\t\t<div class=\"elementor-element elementor-element-6d82982 e-flex e-con-boxed wpr-particle-no wpr-jarallax-no wpr-parallax-no wpr-sticky-section-no wpr-equal-height-no e-con e-parent\" data-id=\"6d82982\" data-element_type=\"container\" data-e-type=\"container\" data-settings=\"{&quot;background_background&quot;:&quot;classic&quot;}\">\n\t\t\t\t\t<div class=\"e-con-inner\">\n\t\t\t\t\t<\/div>\n\t\t\t\t<\/div>\n\t\t<div class=\"elementor-element elementor-element-84540bf e-flex e-con-boxed wpr-particle-no wpr-jarallax-no wpr-parallax-no wpr-sticky-section-no wpr-equal-height-no e-con e-parent\" data-id=\"84540bf\" data-element_type=\"container\" data-e-type=\"container\">\n\t\t\t\t\t<div class=\"e-con-inner\">\n\t\t\t\t<div class=\"elementor-element elementor-element-a57e93e elementor-widget elementor-widget-heading\" data-id=\"a57e93e\" data-element_type=\"widget\" data-e-type=\"widget\" data-widget_type=\"heading.default\">\n\t\t\t\t\t<h2 class=\"elementor-heading-title elementor-size-default\">BEFORE AND AFTER<\/h2>\t\t\t\t<\/div>\n\t\t\t\t<div class=\"elementor-element elementor-element-4ccee7e elementor-widget elementor-widget-text-editor\" data-id=\"4ccee7e\" data-element_type=\"widget\" data-e-type=\"widget\" data-widget_type=\"text-editor.default\">\n\t\t\t\t\t\t\t\t\t<p>Each transformation tells a story of renewed confidence.<\/p><p>Our results reflect not only beauty but also the joy of feeling complete and confident.<\/p>\t\t\t\t\t\t\t\t<\/div>\n\t\t\t\t<div class=\"elementor-element elementor-element-f2554c5 elementor-widget-divider--view-line_icon elementor-view-default elementor-widget-divider--element-align-center elementor-widget elementor-widget-divider\" data-id=\"f2554c5\" data-element_type=\"widget\" data-e-type=\"widget\" data-widget_type=\"divider.default\">\n\t\t\t\t\t\t\t<div class=\"elementor-divider\">\n\t\t\t<span class=\"elementor-divider-separator\">\n\t\t\t\t\t\t\t<div class=\"elementor-icon elementor-divider__element\">\n\t\t\t\t\t<i aria-hidden=\"true\" class=\"icon icon-flower\"><\/i><\/div>\n\t\t\t\t\t\t<\/span>\n\t\t<\/div>\n\t\t\t\t\t\t<\/div>\n\t\t\t\t\t<\/div>\n\t\t\t\t<\/div>\n\t\t<div class=\"elementor-element elementor-element-eba95d9 e-flex e-con-boxed wpr-particle-no wpr-jarallax-no wpr-parallax-no wpr-sticky-section-no wpr-equal-height-no e-con e-parent\" data-id=\"eba95d9\" data-element_type=\"container\" data-e-type=\"container\">\n\t\t\t\t\t<div class=\"e-con-inner\">\n\t\t\t\t<div class=\"elementor-element elementor-element-efe17fa elementor-widget elementor-widget-heading\" data-id=\"efe17fa\" data-element_type=\"widget\" data-e-type=\"widget\" data-widget_type=\"heading.default\">\n\t\t\t\t\t<h2 class=\"elementor-heading-title elementor-size-default\">Body Sculpting<\/h2>\t\t\t\t<\/div>\n\t\t\t\t<div class=\"elementor-element elementor-element-8c1cfa2 elementor-widget elementor-widget-wpr-magazine-grid\" data-id=\"8c1cfa2\" data-element_type=\"widget\" data-e-type=\"widget\" data-widget_type=\"wpr-magazine-grid.default\">\n\t\t\t\t\t<div class=\"wpr-magazine-grid-wrap\"  data-slide-effect=\"\"><section class=\"wpr-magazine-grid wpr-mgzn-grid-4-h wpr-mgzn-grid-rows-1\"><article class=\"wpr-mgzn-grid-item elementor-clearfix post-1718 post type-post status-publish format-standard has-post-thumbnail hentry category-antes-y-despues\"><div class=\"wpr-grid-item-inner\"><div class=\"wpr-grid-media-wrap\" data-overlay-link=\"yes\"><div class=\"wpr-grid-image-wrap\" data-src=\"https:\/\/magnaestetica.com\/wp-content\/uploads\/2025\/09\/gluteoplastia-seo.webp\" style=\"background-image: url(https:\/\/magnaestetica.com\/wp-content\/uploads\/2025\/09\/gluteoplastia-seo.webp)\"><\/div><div class=\"wpr-grid-media-hover wpr-animation-wrap\"><div class=\"wpr-grid-media-hover-bg  wpr-overlay-fade-out wpr-anim-size-medium wpr-anim-timing-ease-default wpr-anim-transparency\" data-url=\"https:\/\/magnaestetica.com\/en\/ad-lipoescultura-bbl\/\"><\/div><div class=\"wpr-grid-media-hover-bottom elementor-clearfix\"><h2 class=\"wpr-grid-item-title elementor-repeater-item-de1e360 wpr-grid-item-display-block wpr-grid-item-align-left wpr-pointer-none wpr-pointer-line-fx wpr-pointer-fx-fade\"><div class=\"inner-block\"><a  target=\"_self\"  href=\"https:\/\/magnaestetica.com\/en\/ad-lipoescultura-bbl\/\">BBL Liposculpture<\/a><\/div><\/h2><\/div><\/div><\/div><\/div><\/article><article class=\"wpr-mgzn-grid-item elementor-clearfix post-1711 post type-post status-publish format-standard has-post-thumbnail hentry category-antes-y-despues\"><div class=\"wpr-grid-item-inner\"><div class=\"wpr-grid-media-wrap\" data-overlay-link=\"yes\"><div class=\"wpr-grid-image-wrap\" data-src=\"https:\/\/magnaestetica.com\/wp-content\/uploads\/2025\/09\/gluteoplastia_seo.webp\" style=\"background-image: url(https:\/\/magnaestetica.com\/wp-content\/uploads\/2025\/09\/gluteoplastia_seo.webp)\"><\/div><div class=\"wpr-grid-media-hover wpr-animation-wrap\"><div class=\"wpr-grid-media-hover-bg  wpr-overlay-fade-out wpr-anim-size-medium wpr-anim-timing-ease-default wpr-anim-transparency\" data-url=\"https:\/\/magnaestetica.com\/en\/ad-gluteoplastia\/\"><\/div><div class=\"wpr-grid-media-hover-bottom elementor-clearfix\"><h2 class=\"wpr-grid-item-title elementor-repeater-item-de1e360 wpr-grid-item-display-block wpr-grid-item-align-left wpr-pointer-none wpr-pointer-line-fx wpr-pointer-fx-fade\"><div class=\"inner-block\"><a  target=\"_self\"  href=\"https:\/\/magnaestetica.com\/en\/ad-gluteoplastia\/\">Gluteoplasty or Buttock Augmentation<\/a><\/div><\/h2><\/div><\/div><\/div><\/div><\/article><article class=\"wpr-mgzn-grid-item elementor-clearfix post-1705 post type-post status-publish format-standard has-post-thumbnail hentry category-antes-y-despues\"><div class=\"wpr-grid-item-inner\"><div class=\"wpr-grid-media-wrap\" data-overlay-link=\"yes\"><div class=\"wpr-grid-image-wrap\" data-src=\"https:\/\/magnaestetica.com\/wp-content\/uploads\/2025\/09\/abdominoplastia-seo-magnaestetica.webp\" style=\"background-image: url(https:\/\/magnaestetica.com\/wp-content\/uploads\/2025\/09\/abdominoplastia-seo-magnaestetica.webp)\"><\/div><div class=\"wpr-grid-media-hover wpr-animation-wrap\"><div class=\"wpr-grid-media-hover-bg  wpr-overlay-fade-out wpr-anim-size-medium wpr-anim-timing-ease-default wpr-anim-transparency\" data-url=\"https:\/\/magnaestetica.com\/en\/ad-abdominoplastia\/\"><\/div><div class=\"wpr-grid-media-hover-bottom elementor-clearfix\"><h2 class=\"wpr-grid-item-title elementor-repeater-item-de1e360 wpr-grid-item-display-block wpr-grid-item-align-left wpr-pointer-none wpr-pointer-line-fx wpr-pointer-fx-fade\"><div class=\"inner-block\"><a  target=\"_self\"  href=\"https:\/\/magnaestetica.com\/en\/ad-abdominoplastia\/\">Abdominoplasty (Tummy Tuck)<\/a><\/div><\/h2><\/div><\/div><\/div><\/div><\/article><article class=\"wpr-mgzn-grid-item elementor-clearfix post-1644 post type-post status-publish format-standard has-post-thumbnail hentry category-antes-y-despues\"><div class=\"wpr-grid-item-inner\"><div class=\"wpr-grid-media-wrap\" data-overlay-link=\"yes\"><div class=\"wpr-grid-image-wrap\" data-src=\"https:\/\/magnaestetica.com\/wp-content\/uploads\/2025\/09\/liposuccion-seo.webp\" style=\"background-image: url(https:\/\/magnaestetica.com\/wp-content\/uploads\/2025\/09\/liposuccion-seo.webp)\"><\/div><div class=\"wpr-grid-media-hover wpr-animation-wrap\"><div class=\"wpr-grid-media-hover-bg  wpr-overlay-fade-out wpr-anim-size-medium wpr-anim-timing-ease-default wpr-anim-transparency\" data-url=\"https:\/\/magnaestetica.com\/en\/ad-liposuccion\/\"><\/div><div class=\"wpr-grid-media-hover-bottom elementor-clearfix\"><h2 class=\"wpr-grid-item-title elementor-repeater-item-de1e360 wpr-grid-item-display-block wpr-grid-item-align-left wpr-pointer-none wpr-pointer-line-fx wpr-pointer-fx-fade\"><div class=\"inner-block\"><a  target=\"_self\"  href=\"https:\/\/magnaestetica.com\/en\/ad-liposuccion\/\">Liposuction<\/a><\/div><\/h2><\/div><\/div><\/div><\/div><\/article><\/section><\/div>\t\t\t\t<\/div>\n\t\t\t\t\t<\/div>\n\t\t\t\t<\/div>\n\t\t<div class=\"elementor-element elementor-element-ace443d e-flex e-con-boxed wpr-particle-no wpr-jarallax-no wpr-parallax-no wpr-sticky-section-no wpr-equal-height-no e-con e-parent\" data-id=\"ace443d\" data-element_type=\"container\" data-e-type=\"container\">\n\t\t\t\t\t<div class=\"e-con-inner\">\n\t\t\t\t<div class=\"elementor-element elementor-element-b92f217 elementor-widget elementor-widget-heading\" data-id=\"b92f217\" data-element_type=\"widget\" data-e-type=\"widget\" data-widget_type=\"heading.default\">\n\t\t\t\t\t<h2 class=\"elementor-heading-title elementor-size-default\">Breast Surgery<\/h2>\t\t\t\t<\/div>\n\t\t\t\t<div class=\"elementor-element elementor-element-434eb6a elementor-widget elementor-widget-wpr-magazine-grid\" data-id=\"434eb6a\" data-element_type=\"widget\" data-e-type=\"widget\" data-widget_type=\"wpr-magazine-grid.default\">\n\t\t\t\t\t<div class=\"wpr-magazine-grid-wrap\"  data-slide-effect=\"\"><section class=\"wpr-magazine-grid wpr-mgzn-grid-4-h wpr-mgzn-grid-rows-1\"><article class=\"wpr-mgzn-grid-item elementor-clearfix post-1736 post type-post status-publish format-standard has-post-thumbnail hentry category-antes-y-despues\"><div class=\"wpr-grid-item-inner\"><div class=\"wpr-grid-media-wrap\" data-overlay-link=\"yes\"><div class=\"wpr-grid-image-wrap\" data-src=\"https:\/\/magnaestetica.com\/wp-content\/uploads\/2025\/09\/reduccion-de-senos-seo.webp\" style=\"background-image: url(https:\/\/magnaestetica.com\/wp-content\/uploads\/2025\/09\/reduccion-de-senos-seo.webp)\"><\/div><div class=\"wpr-grid-media-hover wpr-animation-wrap\"><div class=\"wpr-grid-media-hover-bg  wpr-overlay-fade-out wpr-anim-size-medium wpr-anim-timing-ease-default wpr-anim-transparency\" data-url=\"https:\/\/magnaestetica.com\/en\/ad-reduccion-senos\/\"><\/div><div class=\"wpr-grid-media-hover-bottom elementor-clearfix\"><h2 class=\"wpr-grid-item-title elementor-repeater-item-de1e360 wpr-grid-item-display-block wpr-grid-item-align-left wpr-pointer-none wpr-pointer-line-fx wpr-pointer-fx-fade\"><div class=\"inner-block\"><a  target=\"_self\"  href=\"https:\/\/magnaestetica.com\/en\/ad-reduccion-senos\/\">Breast Reduction<\/a><\/div><\/h2><\/div><\/div><\/div><\/div><\/article><article class=\"wpr-mgzn-grid-item elementor-clearfix post-1730 post type-post status-publish format-standard has-post-thumbnail hentry category-antes-y-despues\"><div class=\"wpr-grid-item-inner\"><div class=\"wpr-grid-media-wrap\" data-overlay-link=\"yes\"><div class=\"wpr-grid-image-wrap\" data-src=\"https:\/\/magnaestetica.com\/wp-content\/uploads\/2025\/09\/aumento-de-senos-seo.webp\" style=\"background-image: url(https:\/\/magnaestetica.com\/wp-content\/uploads\/2025\/09\/aumento-de-senos-seo.webp)\"><\/div><div class=\"wpr-grid-media-hover wpr-animation-wrap\"><div class=\"wpr-grid-media-hover-bg  wpr-overlay-fade-out wpr-anim-size-medium wpr-anim-timing-ease-default wpr-anim-transparency\" data-url=\"https:\/\/magnaestetica.com\/en\/ad-aumento-senos\/\"><\/div><div class=\"wpr-grid-media-hover-bottom elementor-clearfix\"><h2 class=\"wpr-grid-item-title elementor-repeater-item-de1e360 wpr-grid-item-display-block wpr-grid-item-align-left wpr-pointer-none wpr-pointer-line-fx wpr-pointer-fx-fade\"><div class=\"inner-block\"><a  target=\"_self\"  href=\"https:\/\/magnaestetica.com\/en\/ad-aumento-senos\/\">Breast Augmentation<\/a><\/div><\/h2><\/div><\/div><\/div><\/div><\/article><article class=\"wpr-mgzn-grid-item elementor-clearfix post-1724 post type-post status-publish format-standard has-post-thumbnail hentry category-antes-y-despues\"><div class=\"wpr-grid-item-inner\"><div class=\"wpr-grid-media-wrap\" data-overlay-link=\"yes\"><div class=\"wpr-grid-image-wrap\" data-src=\"https:\/\/magnaestetica.com\/wp-content\/uploads\/2025\/09\/levantamiento-senos-seo.webp\" style=\"background-image: url(https:\/\/magnaestetica.com\/wp-content\/uploads\/2025\/09\/levantamiento-senos-seo.webp)\"><\/div><div class=\"wpr-grid-media-hover wpr-animation-wrap\"><div class=\"wpr-grid-media-hover-bg  wpr-overlay-fade-out wpr-anim-size-medium wpr-anim-timing-ease-default wpr-anim-transparency\" data-url=\"https:\/\/magnaestetica.com\/en\/ad-levantamientosenos\/\"><\/div><div class=\"wpr-grid-media-hover-bottom elementor-clearfix\"><h2 class=\"wpr-grid-item-title elementor-repeater-item-de1e360 wpr-grid-item-display-block wpr-grid-item-align-left wpr-pointer-none wpr-pointer-line-fx wpr-pointer-fx-fade\"><div class=\"inner-block\"><a  target=\"_self\"  href=\"https:\/\/magnaestetica.com\/en\/ad-levantamientosenos\/\">Breast Lift<\/a><\/div><\/h2><\/div><\/div><\/div><\/div><\/article><\/section><\/div>\t\t\t\t<\/div>\n\t\t\t\t\t<\/div>\n\t\t\t\t<\/div>\n\t\t<div class=\"elementor-element elementor-element-f777f91 e-flex e-con-boxed wpr-particle-no wpr-jarallax-no wpr-parallax-no wpr-sticky-section-no wpr-equal-height-no e-con e-parent\" data-id=\"f777f91\" data-element_type=\"container\" data-e-type=\"container\">\n\t\t\t\t\t<div class=\"e-con-inner\">\n\t\t\t\t<div class=\"elementor-element elementor-element-dfec90b elementor-widget elementor-widget-heading\" data-id=\"dfec90b\" data-element_type=\"widget\" data-e-type=\"widget\" data-widget_type=\"heading.default\">\n\t\t\t\t\t<h2 class=\"elementor-heading-title elementor-size-default\">Facial Surgery<\/h2>\t\t\t\t<\/div>\n\t\t\t\t<div class=\"elementor-element elementor-element-ea15638 elementor-widget elementor-widget-wpr-magazine-grid\" data-id=\"ea15638\" data-element_type=\"widget\" data-e-type=\"widget\" data-widget_type=\"wpr-magazine-grid.default\">\n\t\t\t\t\t<div class=\"wpr-magazine-grid-wrap\"  data-slide-effect=\"\"><section class=\"wpr-magazine-grid wpr-mgzn-grid-4-h wpr-mgzn-grid-rows-1\"><article class=\"wpr-mgzn-grid-item elementor-clearfix post-1749 post type-post status-publish format-standard has-post-thumbnail hentry category-antes-y-despues\"><div class=\"wpr-grid-item-inner\"><div class=\"wpr-grid-media-wrap\" data-overlay-link=\"yes\"><div class=\"wpr-grid-image-wrap\" data-src=\"https:\/\/magnaestetica.com\/wp-content\/uploads\/2025\/09\/blefaroplastia-seo.webp\" style=\"background-image: url(https:\/\/magnaestetica.com\/wp-content\/uploads\/2025\/09\/blefaroplastia-seo.webp)\"><\/div><div class=\"wpr-grid-media-hover wpr-animation-wrap\"><div class=\"wpr-grid-media-hover-bg  wpr-overlay-fade-out wpr-anim-size-medium wpr-anim-timing-ease-default wpr-anim-transparency\" data-url=\"https:\/\/magnaestetica.com\/en\/ad-blefaroplastia\/\"><\/div><div class=\"wpr-grid-media-hover-bottom elementor-clearfix\"><h2 class=\"wpr-grid-item-title elementor-repeater-item-de1e360 wpr-grid-item-display-block wpr-grid-item-align-left wpr-pointer-none wpr-pointer-line-fx wpr-pointer-fx-fade\"><div class=\"inner-block\"><a  target=\"_self\"  href=\"https:\/\/magnaestetica.com\/en\/ad-blefaroplastia\/\">Eyelid Correction or Blepharoplasty<\/a><\/div><\/h2><\/div><\/div><\/div><\/div><\/article><article class=\"wpr-mgzn-grid-item elementor-clearfix post-1747 post type-post status-publish format-standard has-post-thumbnail hentry category-antes-y-despues\"><div class=\"wpr-grid-item-inner\"><div class=\"wpr-grid-media-wrap\" data-overlay-link=\"yes\"><div class=\"wpr-grid-image-wrap\" data-src=\"https:\/\/magnaestetica.com\/wp-content\/uploads\/2025\/09\/lifting-facial-seo.webp\" style=\"background-image: url(https:\/\/magnaestetica.com\/wp-content\/uploads\/2025\/09\/lifting-facial-seo.webp)\"><\/div><div class=\"wpr-grid-media-hover wpr-animation-wrap\"><div class=\"wpr-grid-media-hover-bg  wpr-overlay-fade-out wpr-anim-size-medium wpr-anim-timing-ease-default wpr-anim-transparency\" data-url=\"https:\/\/magnaestetica.com\/en\/ad-lifting\/\"><\/div><div class=\"wpr-grid-media-hover-bottom elementor-clearfix\"><h2 class=\"wpr-grid-item-title elementor-repeater-item-de1e360 wpr-grid-item-display-block wpr-grid-item-align-left wpr-pointer-none wpr-pointer-line-fx wpr-pointer-fx-fade\"><div class=\"inner-block\"><a  target=\"_self\"  href=\"https:\/\/magnaestetica.com\/en\/ad-lifting\/\">Facelift or Facial Lift<\/a><\/div><\/h2><\/div><\/div><\/div><\/div><\/article><article class=\"wpr-mgzn-grid-item elementor-clearfix post-1741 post type-post status-publish format-standard has-post-thumbnail hentry category-antes-y-despues\"><div class=\"wpr-grid-item-inner\"><div class=\"wpr-grid-media-wrap\" data-overlay-link=\"yes\"><div class=\"wpr-grid-image-wrap\" data-src=\"https:\/\/magnaestetica.com\/wp-content\/uploads\/2025\/09\/rinoplastia-seo.webp\" style=\"background-image: url(https:\/\/magnaestetica.com\/wp-content\/uploads\/2025\/09\/rinoplastia-seo.webp)\"><\/div><div class=\"wpr-grid-media-hover wpr-animation-wrap\"><div class=\"wpr-grid-media-hover-bg  wpr-overlay-fade-out wpr-anim-size-medium wpr-anim-timing-ease-default wpr-anim-transparency\" data-url=\"https:\/\/magnaestetica.com\/en\/ad-rinoplastia\/\"><\/div><div class=\"wpr-grid-media-hover-bottom elementor-clearfix\"><h2 class=\"wpr-grid-item-title elementor-repeater-item-de1e360 wpr-grid-item-display-block wpr-grid-item-align-left wpr-pointer-none wpr-pointer-line-fx wpr-pointer-fx-fade\"><div class=\"inner-block\"><a  target=\"_self\"  href=\"https:\/\/magnaestetica.com\/en\/ad-rinoplastia\/\">Nose or Rhinoplasty<\/a><\/div><\/h2><\/div><\/div><\/div><\/div><\/article><\/section><\/div>\t\t\t\t<\/div>\n\t\t\t\t\t<\/div>\n\t\t\t\t<\/div>\n\t\t\t\t<\/div>","protected":false},"excerpt":{"rendered":"<p>ANTES Y DESPUES Cada transformaci\u00f3n cuenta una historia de confianza renovada. Nuestros resultados reflejan no solo belleza, sino tambi\u00e9n la alegr\u00eda de sentirse plena y segura. Modelado Corporal Lipoescultura BBL Gluteoplastia o Aumento de Gl\u00fateos Abdominoplastia Liposucci\u00f3n Cirug\u00eda de Busto Reducci\u00f3n de Senos Aumento de Senos Levantamiento de Senos Cirug\u00eda Facial Correcci\u00f3n de P\u00e1rpados o Blefaroplastia Lifting Facial Nariz o Rinoplastia<\/p>","protected":false},"author":1,"featured_media":1629,"parent":0,"menu_order":0,"comment_status":"closed","ping_status":"closed","template":"elementor_header_footer","meta":{"_lmt_disableupdate":"no","_lmt_disable":"","footnotes":""},"class_list":["post-1628","page","type-page","status-publish","has-post-thumbnail","hentry"],"_links":{"self":[{"href":"https:\/\/magnaestetica.com\/en\/wp-json\/wp\/v2\/pages\/1628","targetHints":{"allow":["GET"]}}],"collection":[{"href":"https:\/\/magnaestetica.com\/en\/wp-json\/wp\/v2\/pages"}],"about":[{"href":"https:\/\/magnaestetica.com\/en\/wp-json\/wp\/v2\/types\/page"}],"author":[{"embeddable":true,"href":"https:\/\/magnaestetica.com\/en\/wp-json\/wp\/v2\/users\/1"}],"replies":[{"embeddable":true,"href":"https:\/\/magnaestetica.com\/en\/wp-json\/wp\/v2\/comments?post=1628"}],"version-history":[{"count":1,"href":"https:\/\/magnaestetica.com\/en\/wp-json\/wp\/v2\/pages\/1628\/revisions"}],"predecessor-version":[{"id":2962,"href":"https:\/\/magnaestetica.com\/en\/wp-json\/wp\/v2\/pages\/1628\/revisions\/2962"}],"wp:featuredmedia":[{"embeddable":true,"href":"https:\/\/magnaestetica.com\/en\/wp-json\/wp\/v2\/media\/1629"}],"wp:attachment":[{"href":"https:\/\/magnaestetica.com\/en\/wp-json\/wp\/v2\/media?parent=1628"}],"curies":[{"name":"wp","href":"https:\/\/api.w.org\/{rel}","templated":true}]}}