{"id":1780,"date":"2025-09-19T15:00:16","date_gmt":"2025-09-19T19:00:16","guid":{"rendered":"https:\/\/magnaestetica.com\/?page_id=1780"},"modified":"2026-03-10T21:20:05","modified_gmt":"2026-03-11T01:20:05","slug":"instalaciones","status":"publish","type":"page","link":"https:\/\/magnaestetica.com\/en\/instalaciones\/","title":{"rendered":"Facilities"},"content":{"rendered":"<div data-elementor-type=\"wp-page\" data-elementor-id=\"1780\" class=\"elementor elementor-1780\">\n\t\t\t\t<div class=\"elementor-element elementor-element-178c121 e-flex e-con-boxed wpr-particle-no wpr-jarallax-no wpr-parallax-no wpr-sticky-section-no wpr-equal-height-no e-con e-parent\" data-id=\"178c121\" data-element_type=\"container\" data-e-type=\"container\" data-settings=\"{&quot;background_background&quot;:&quot;classic&quot;}\">\n\t\t\t\t\t<div class=\"e-con-inner\">\n\t\t\t\t\t<\/div>\n\t\t\t\t<\/div>\n\t\t<div class=\"elementor-element elementor-element-1dd6a06 e-flex e-con-boxed wpr-particle-no wpr-jarallax-no wpr-parallax-no wpr-sticky-section-no wpr-equal-height-no e-con e-parent\" data-id=\"1dd6a06\" data-element_type=\"container\" data-e-type=\"container\">\n\t\t\t\t\t<div class=\"e-con-inner\">\n\t\t\t\t<div class=\"elementor-element elementor-element-67fbd72 elementor-widget elementor-widget-heading\" data-id=\"67fbd72\" data-element_type=\"widget\" data-e-type=\"widget\" data-widget_type=\"heading.default\">\n\t\t\t\t\t<h2 class=\"elementor-heading-title elementor-size-default\">OUR FACILITIES<\/h2>\t\t\t\t<\/div>\n\t\t\t\t<div class=\"elementor-element elementor-element-42c5367 elementor-widget elementor-widget-text-editor\" data-id=\"42c5367\" data-element_type=\"widget\" data-e-type=\"widget\" data-widget_type=\"text-editor.default\">\n\t\t\t\t\t\t\t\t\t<p>An environment designed to take care of you. In our facilities, you will find harmony, privacy, and state-of-the-art equipment, all within a space created for your safety and well-being.<\/p>\t\t\t\t\t\t\t\t<\/div>\n\t\t\t\t<div class=\"elementor-element elementor-element-df7f81f elementor-widget-divider--view-line_icon elementor-view-default elementor-widget-divider--element-align-center elementor-widget elementor-widget-divider\" data-id=\"df7f81f\" data-element_type=\"widget\" data-e-type=\"widget\" data-widget_type=\"divider.default\">\n\t\t\t\t\t\t\t<div class=\"elementor-divider\">\n\t\t\t<span class=\"elementor-divider-separator\">\n\t\t\t\t\t\t\t<div class=\"elementor-icon elementor-divider__element\">\n\t\t\t\t\t<i aria-hidden=\"true\" class=\"icon icon-flower\"><\/i><\/div>\n\t\t\t\t\t\t<\/span>\n\t\t<\/div>\n\t\t\t\t\t\t<\/div>\n\t\t\t\t\t<\/div>\n\t\t\t\t<\/div>\n\t\t<div class=\"elementor-element elementor-element-c3c2a57 e-flex e-con-boxed wpr-particle-no wpr-jarallax-no wpr-parallax-no wpr-sticky-section-no wpr-equal-height-no e-con e-parent\" data-id=\"c3c2a57\" data-element_type=\"container\" data-e-type=\"container\" data-settings=\"{&quot;background_background&quot;:&quot;classic&quot;}\">\n\t\t\t\t\t<div class=\"e-con-inner\">\n\t\t\t\t<div class=\"elementor-element elementor-element-256a2c1 elementor-icon-list--layout-traditional elementor-list-item-link-full_width elementor-widget elementor-widget-icon-list\" data-id=\"256a2c1\" data-element_type=\"widget\" data-e-type=\"widget\" data-widget_type=\"icon-list.default\">\n\t\t\t\t\t\t\t<ul class=\"elementor-icon-list-items\">\n\t\t\t\t\t\t\t<li class=\"elementor-icon-list-item\">\n\t\t\t\t\t\t\t\t\t\t\t<span class=\"elementor-icon-list-icon\">\n\t\t\t\t\t\t\t<i aria-hidden=\"true\" class=\"icon icon-map-marker1\"><\/i>\t\t\t\t\t\t<\/span>\n\t\t\t\t\t\t\t\t\t\t<span class=\"elementor-icon-list-text\">MAGNA EST\u00c9TICA<\/span>\n\t\t\t\t\t\t\t\t\t<\/li>\n\t\t\t\t\t\t<\/ul>\n\t\t\t\t\t\t<\/div>\n\t\t\t\t\t<\/div>\n\t\t\t\t<\/div>\n\t\t<div class=\"elementor-element elementor-element-e330e5f e-flex e-con-boxed wpr-particle-no wpr-jarallax-no wpr-parallax-no wpr-sticky-section-no wpr-equal-height-no e-con e-parent\" data-id=\"e330e5f\" data-element_type=\"container\" data-e-type=\"container\">\n\t\t\t\t\t<div class=\"e-con-inner\">\n\t\t\t\t<div class=\"elementor-element elementor-element-179ce75 elementor-widget elementor-widget-text-editor\" data-id=\"179ce75\" data-element_type=\"widget\" data-e-type=\"widget\" data-widget_type=\"text-editor.default\">\n\t\t\t\t\t\t\t\t\t<p>Magna Est\u00e9tica\u2019s Plastic Surgery Unit is located at El Pac\u00edfico Medical Center and is led by Dr. Guarocuya Alm\u00e1nzar.<\/p>\t\t\t\t\t\t\t\t<\/div>\n\t\t\t\t<div class=\"elementor-element elementor-element-4d24d79 elementor-icon-list--layout-traditional elementor-list-item-link-full_width elementor-widget elementor-widget-icon-list\" data-id=\"4d24d79\" data-element_type=\"widget\" data-e-type=\"widget\" data-widget_type=\"icon-list.default\">\n\t\t\t\t\t\t\t<ul class=\"elementor-icon-list-items\">\n\t\t\t\t\t\t\t<li class=\"elementor-icon-list-item\">\n\t\t\t\t\t\t\t\t\t\t\t<span class=\"elementor-icon-list-icon\">\n\t\t\t\t\t\t\t<svg aria-hidden=\"true\" class=\"e-font-icon-svg e-far-hospital\" viewbox=\"0 0 448 512\" xmlns=\"http:\/\/www.w3.org\/2000\/svg\"><path d=\"M128 244v-40c0-6.627 5.373-12 12-12h40c6.627 0 12 5.373 12 12v40c0 6.627-5.373 12-12 12h-40c-6.627 0-12-5.373-12-12zm140 12h40c6.627 0 12-5.373 12-12v-40c0-6.627-5.373-12-12-12h-40c-6.627 0-12 5.373-12 12v40c0 6.627 5.373 12 12 12zm-76 84v-40c0-6.627-5.373-12-12-12h-40c-6.627 0-12 5.373-12 12v40c0 6.627 5.373 12 12 12h40c6.627 0 12-5.373 12-12zm76 12h40c6.627 0 12-5.373 12-12v-40c0-6.627-5.373-12-12-12h-40c-6.627 0-12 5.373-12 12v40c0 6.627 5.373 12 12 12zm180 124v36H0v-36c0-6.627 5.373-12 12-12h19.5V85.035C31.5 73.418 42.245 64 55.5 64H144V24c0-13.255 10.745-24 24-24h112c13.255 0 24 10.745 24 24v40h88.5c13.255 0 24 9.418 24 21.035V464H436c6.627 0 12 5.373 12 12zM79.5 463H192v-67c0-6.627 5.373-12 12-12h40c6.627 0 12 5.373 12 12v67h112.5V112H304v24c0 13.255-10.745 24-24 24H168c-13.255 0-24-10.745-24-24v-24H79.5v351zM266 64h-26V38a6 6 0 0 0-6-6h-20a6 6 0 0 0-6 6v26h-26a6 6 0 0 0-6 6v20a6 6 0 0 0 6 6h26v26a6 6 0 0 0 6 6h20a6 6 0 0 0 6-6V96h26a6 6 0 0 0 6-6V70a6 6 0 0 0-6-6z\"><\/path><\/svg>\t\t\t\t\t\t<\/span>\n\t\t\t\t\t\t\t\t\t\t<span class=\"elementor-icon-list-text\"><b>CENTRO M\u00c9DICO EL PAC\u00cdFICO<\/b><\/span>\n\t\t\t\t\t\t\t\t\t<\/li>\n\t\t\t\t\t\t\t\t<li class=\"elementor-icon-list-item\">\n\t\t\t\t\t\t\t\t\t\t\t<span class=\"elementor-icon-list-icon\">\n\t\t\t\t\t\t\t<i aria-hidden=\"true\" class=\"icon icon-map-marker1\"><\/i>\t\t\t\t\t\t<\/span>\n\t\t\t\t\t\t\t\t\t\t<span class=\"elementor-icon-list-text\">Calle Pedro Libio Cede\u00f1o #39, Ensanche Luper\u00f3n. Santo Domingo, D.N. Rep\u00fablica Dominicana<\/span>\n\t\t\t\t\t\t\t\t\t<\/li>\n\t\t\t\t\t\t\t\t<li class=\"elementor-icon-list-item\">\n\t\t\t\t\t\t\t\t\t\t\t<a href=\"tel:18094229302\">\n\n\t\t\t\t\t\t\t\t\t\t\t\t<span class=\"elementor-icon-list-icon\">\n\t\t\t\t\t\t\t<i aria-hidden=\"true\" class=\"icon icon-phone-call\"><\/i>\t\t\t\t\t\t<\/span>\n\t\t\t\t\t\t\t\t\t\t<span class=\"elementor-icon-list-text\">+1(809) 422-9302<\/span>\n\t\t\t\t\t\t\t\t\t\t\t<\/a>\n\t\t\t\t\t\t\t\t\t<\/li>\n\t\t\t\t\t\t\t\t<li class=\"elementor-icon-list-item\">\n\t\t\t\t\t\t\t\t\t\t\t<a href=\"mailto:contacto@magnaestetica.com\">\n\n\t\t\t\t\t\t\t\t\t\t\t\t<span class=\"elementor-icon-list-icon\">\n\t\t\t\t\t\t\t<i aria-hidden=\"true\" class=\"icon icon-envelope1\"><\/i>\t\t\t\t\t\t<\/span>\n\t\t\t\t\t\t\t\t\t\t<span class=\"elementor-icon-list-text\">contacto@magnaestetica.com<\/span>\n\t\t\t\t\t\t\t\t\t\t\t<\/a>\n\t\t\t\t\t\t\t\t\t<\/li>\n\t\t\t\t\t\t<\/ul>\n\t\t\t\t\t\t<\/div>\n\t\t\t\t<div class=\"elementor-element elementor-element-5903402 elementor-widget elementor-widget-image-gallery\" data-id=\"5903402\" data-element_type=\"widget\" data-e-type=\"widget\" data-widget_type=\"image-gallery.default\">\n\t\t\t\t\t\t\t<div class=\"elementor-image-gallery\">\n\t\t\t<div id='gallery-1' class='gallery galleryid-1780 gallery-columns-4 gallery-size-full'><figure class='gallery-item'>\n\t\t\t<div class='gallery-icon landscape'>\n\t\t\t\t<a data-elementor-open-lightbox=\"yes\" data-elementor-lightbox-slideshow=\"5903402\" data-e-action-hash=\"#elementor-action%3Aaction%3Dlightbox%26settings%3DeyJpZCI6MzA4MywidXJsIjoiaHR0cHM6XC9cL21hZ25hZXN0ZXRpY2EuY29tXC93cC1jb250ZW50XC91cGxvYWRzXC8yMDI2XC8wMlwvbWFnbmEtcGFjaWZpY28tMC53ZWJwIiwic2xpZGVzaG93IjoiNTkwMzQwMiJ9\" href='https:\/\/magnaestetica.com\/wp-content\/uploads\/2026\/02\/magna-pacifico-0.webp'><img fetchpriority=\"high\" decoding=\"async\" width=\"997\" height=\"712\" src=\"https:\/\/magnaestetica.com\/wp-content\/uploads\/2026\/02\/magna-pacifico-0.webp\" class=\"attachment-full size-full\" alt=\"\" srcset=\"https:\/\/magnaestetica.com\/wp-content\/uploads\/2026\/02\/magna-pacifico-0.webp 997w, https:\/\/magnaestetica.com\/wp-content\/uploads\/2026\/02\/magna-pacifico-0-300x214.webp 300w, https:\/\/magnaestetica.com\/wp-content\/uploads\/2026\/02\/magna-pacifico-0-768x548.webp 768w, https:\/\/magnaestetica.com\/wp-content\/uploads\/2026\/02\/magna-pacifico-0-18x12.webp 18w\" sizes=\"(max-width: 997px) 100vw, 997px\" \/><\/a>\n\t\t\t<\/div><\/figure><figure class='gallery-item'>\n\t\t\t<div class='gallery-icon landscape'>\n\t\t\t\t<a data-elementor-open-lightbox=\"yes\" data-elementor-lightbox-slideshow=\"5903402\" data-e-action-hash=\"#elementor-action%3Aaction%3Dlightbox%26settings%3DeyJpZCI6MTgxMiwidXJsIjoiaHR0cHM6XC9cL21hZ25hZXN0ZXRpY2EuY29tXC93cC1jb250ZW50XC91cGxvYWRzXC8yMDI1XC8wOVwvbWFnbmEtY2VtZXAtaW5zdGFsYWNpb25lcy0wMi53ZWJwIiwic2xpZGVzaG93IjoiNTkwMzQwMiJ9\" href='https:\/\/magnaestetica.com\/wp-content\/uploads\/2025\/09\/magna-cemep-instalaciones-02.webp'><img decoding=\"async\" width=\"671\" height=\"480\" src=\"https:\/\/magnaestetica.com\/wp-content\/uploads\/2025\/09\/magna-cemep-instalaciones-02.webp\" class=\"attachment-full size-full\" alt=\"\" srcset=\"https:\/\/magnaestetica.com\/wp-content\/uploads\/2025\/09\/magna-cemep-instalaciones-02.webp 671w, https:\/\/magnaestetica.com\/wp-content\/uploads\/2025\/09\/magna-cemep-instalaciones-02-300x215.webp 300w, https:\/\/magnaestetica.com\/wp-content\/uploads\/2025\/09\/magna-cemep-instalaciones-02-18x12.webp 18w\" sizes=\"(max-width: 671px) 100vw, 671px\" \/><\/a>\n\t\t\t<\/div><\/figure><figure class='gallery-item'>\n\t\t\t<div class='gallery-icon landscape'>\n\t\t\t\t<a data-elementor-open-lightbox=\"yes\" data-elementor-lightbox-slideshow=\"5903402\" data-e-action-hash=\"#elementor-action%3Aaction%3Dlightbox%26settings%3DeyJpZCI6MTgxMSwidXJsIjoiaHR0cHM6XC9cL21hZ25hZXN0ZXRpY2EuY29tXC93cC1jb250ZW50XC91cGxvYWRzXC8yMDI1XC8wOVwvbWFnbmEtY2VtZXAtaW5zdGFsYWNpb25lcy0wMS53ZWJwIiwic2xpZGVzaG93IjoiNTkwMzQwMiJ9\" href='https:\/\/magnaestetica.com\/wp-content\/uploads\/2025\/09\/magna-cemep-instalaciones-01.webp'><img decoding=\"async\" width=\"671\" height=\"480\" src=\"https:\/\/magnaestetica.com\/wp-content\/uploads\/2025\/09\/magna-cemep-instalaciones-01.webp\" class=\"attachment-full size-full\" alt=\"\" srcset=\"https:\/\/magnaestetica.com\/wp-content\/uploads\/2025\/09\/magna-cemep-instalaciones-01.webp 671w, https:\/\/magnaestetica.com\/wp-content\/uploads\/2025\/09\/magna-cemep-instalaciones-01-300x215.webp 300w, https:\/\/magnaestetica.com\/wp-content\/uploads\/2025\/09\/magna-cemep-instalaciones-01-18x12.webp 18w\" sizes=\"(max-width: 671px) 100vw, 671px\" \/><\/a>\n\t\t\t<\/div><\/figure><figure class='gallery-item'>\n\t\t\t<div class='gallery-icon landscape'>\n\t\t\t\t<a data-elementor-open-lightbox=\"yes\" data-elementor-lightbox-slideshow=\"5903402\" data-e-action-hash=\"#elementor-action%3Aaction%3Dlightbox%26settings%3DeyJpZCI6MTgxMywidXJsIjoiaHR0cHM6XC9cL21hZ25hZXN0ZXRpY2EuY29tXC93cC1jb250ZW50XC91cGxvYWRzXC8yMDI1XC8wOVwvbWFnbmEtY2VtZXAtaW5zdGFsYWNpb25lcy0wMy53ZWJwIiwic2xpZGVzaG93IjoiNTkwMzQwMiJ9\" href='https:\/\/magnaestetica.com\/wp-content\/uploads\/2025\/09\/magna-cemep-instalaciones-03.webp'><img loading=\"lazy\" decoding=\"async\" width=\"671\" height=\"480\" src=\"https:\/\/magnaestetica.com\/wp-content\/uploads\/2025\/09\/magna-cemep-instalaciones-03.webp\" class=\"attachment-full size-full\" alt=\"\" srcset=\"https:\/\/magnaestetica.com\/wp-content\/uploads\/2025\/09\/magna-cemep-instalaciones-03.webp 671w, https:\/\/magnaestetica.com\/wp-content\/uploads\/2025\/09\/magna-cemep-instalaciones-03-300x215.webp 300w, https:\/\/magnaestetica.com\/wp-content\/uploads\/2025\/09\/magna-cemep-instalaciones-03-18x12.webp 18w\" sizes=\"(max-width: 671px) 100vw, 671px\" \/><\/a>\n\t\t\t<\/div><\/figure><figure class='gallery-item'>\n\t\t\t<div class='gallery-icon landscape'>\n\t\t\t\t<a data-elementor-open-lightbox=\"yes\" data-elementor-lightbox-slideshow=\"5903402\" data-e-action-hash=\"#elementor-action%3Aaction%3Dlightbox%26settings%3DeyJpZCI6MTgxNCwidXJsIjoiaHR0cHM6XC9cL21hZ25hZXN0ZXRpY2EuY29tXC93cC1jb250ZW50XC91cGxvYWRzXC8yMDI1XC8wOVwvbWFnbmEtY2VtZXAtaW5zdGFsYWNpb25lcy0wNC53ZWJwIiwic2xpZGVzaG93IjoiNTkwMzQwMiJ9\" href='https:\/\/magnaestetica.com\/wp-content\/uploads\/2025\/09\/magna-cemep-instalaciones-04.webp'><img loading=\"lazy\" decoding=\"async\" width=\"671\" height=\"480\" src=\"https:\/\/magnaestetica.com\/wp-content\/uploads\/2025\/09\/magna-cemep-instalaciones-04.webp\" class=\"attachment-full size-full\" alt=\"\" srcset=\"https:\/\/magnaestetica.com\/wp-content\/uploads\/2025\/09\/magna-cemep-instalaciones-04.webp 671w, https:\/\/magnaestetica.com\/wp-content\/uploads\/2025\/09\/magna-cemep-instalaciones-04-300x215.webp 300w, https:\/\/magnaestetica.com\/wp-content\/uploads\/2025\/09\/magna-cemep-instalaciones-04-18x12.webp 18w\" sizes=\"(max-width: 671px) 100vw, 671px\" \/><\/a>\n\t\t\t<\/div><\/figure><figure class='gallery-item'>\n\t\t\t<div class='gallery-icon landscape'>\n\t\t\t\t<a data-elementor-open-lightbox=\"yes\" data-elementor-lightbox-slideshow=\"5903402\" data-e-action-hash=\"#elementor-action%3Aaction%3Dlightbox%26settings%3DeyJpZCI6MTgxNSwidXJsIjoiaHR0cHM6XC9cL21hZ25hZXN0ZXRpY2EuY29tXC93cC1jb250ZW50XC91cGxvYWRzXC8yMDI1XC8wOVwvbWFnbmEtY2VtZXAtaW5zdGFsYWNpb25lcy0wNS53ZWJwIiwic2xpZGVzaG93IjoiNTkwMzQwMiJ9\" href='https:\/\/magnaestetica.com\/wp-content\/uploads\/2025\/09\/magna-cemep-instalaciones-05.webp'><img loading=\"lazy\" decoding=\"async\" width=\"671\" height=\"480\" src=\"https:\/\/magnaestetica.com\/wp-content\/uploads\/2025\/09\/magna-cemep-instalaciones-05.webp\" class=\"attachment-full size-full\" alt=\"\" srcset=\"https:\/\/magnaestetica.com\/wp-content\/uploads\/2025\/09\/magna-cemep-instalaciones-05.webp 671w, https:\/\/magnaestetica.com\/wp-content\/uploads\/2025\/09\/magna-cemep-instalaciones-05-300x215.webp 300w, https:\/\/magnaestetica.com\/wp-content\/uploads\/2025\/09\/magna-cemep-instalaciones-05-18x12.webp 18w\" sizes=\"(max-width: 671px) 100vw, 671px\" \/><\/a>\n\t\t\t<\/div><\/figure><figure class='gallery-item'>\n\t\t\t<div class='gallery-icon landscape'>\n\t\t\t\t<a data-elementor-open-lightbox=\"yes\" data-elementor-lightbox-slideshow=\"5903402\" data-e-action-hash=\"#elementor-action%3Aaction%3Dlightbox%26settings%3DeyJpZCI6MTgxNiwidXJsIjoiaHR0cHM6XC9cL21hZ25hZXN0ZXRpY2EuY29tXC93cC1jb250ZW50XC91cGxvYWRzXC8yMDI1XC8wOVwvbWFnbmEtY2VtZXAtaW5zdGFsYWNpb25lcy0wNi53ZWJwIiwic2xpZGVzaG93IjoiNTkwMzQwMiJ9\" href='https:\/\/magnaestetica.com\/wp-content\/uploads\/2025\/09\/magna-cemep-instalaciones-06.webp'><img loading=\"lazy\" decoding=\"async\" width=\"671\" height=\"480\" src=\"https:\/\/magnaestetica.com\/wp-content\/uploads\/2025\/09\/magna-cemep-instalaciones-06.webp\" class=\"attachment-full size-full\" alt=\"\" srcset=\"https:\/\/magnaestetica.com\/wp-content\/uploads\/2025\/09\/magna-cemep-instalaciones-06.webp 671w, https:\/\/magnaestetica.com\/wp-content\/uploads\/2025\/09\/magna-cemep-instalaciones-06-300x215.webp 300w, https:\/\/magnaestetica.com\/wp-content\/uploads\/2025\/09\/magna-cemep-instalaciones-06-18x12.webp 18w\" sizes=\"(max-width: 671px) 100vw, 671px\" \/><\/a>\n\t\t\t<\/div><\/figure><figure class='gallery-item'>\n\t\t\t<div class='gallery-icon landscape'>\n\t\t\t\t<a data-elementor-open-lightbox=\"yes\" data-elementor-lightbox-slideshow=\"5903402\" data-e-action-hash=\"#elementor-action%3Aaction%3Dlightbox%26settings%3DeyJpZCI6MTgxNywidXJsIjoiaHR0cHM6XC9cL21hZ25hZXN0ZXRpY2EuY29tXC93cC1jb250ZW50XC91cGxvYWRzXC8yMDI1XC8wOVwvbWFnbmEtY2VtZXAtaW5zdGFsYWNpb25lcy0wNy53ZWJwIiwic2xpZGVzaG93IjoiNTkwMzQwMiJ9\" href='https:\/\/magnaestetica.com\/wp-content\/uploads\/2025\/09\/magna-cemep-instalaciones-07.webp'><img loading=\"lazy\" decoding=\"async\" width=\"671\" height=\"480\" src=\"https:\/\/magnaestetica.com\/wp-content\/uploads\/2025\/09\/magna-cemep-instalaciones-07.webp\" class=\"attachment-full size-full\" alt=\"\" srcset=\"https:\/\/magnaestetica.com\/wp-content\/uploads\/2025\/09\/magna-cemep-instalaciones-07.webp 671w, https:\/\/magnaestetica.com\/wp-content\/uploads\/2025\/09\/magna-cemep-instalaciones-07-300x215.webp 300w, https:\/\/magnaestetica.com\/wp-content\/uploads\/2025\/09\/magna-cemep-instalaciones-07-18x12.webp 18w\" sizes=\"(max-width: 671px) 100vw, 671px\" \/><\/a>\n\t\t\t<\/div><\/figure>\n\t\t<\/div>\n\t\t<\/div>\n\t\t\t\t\t\t<\/div>\n\t\t\t\t\t<\/div>\n\t\t\t\t<\/div>\n\t\t<div class=\"elementor-element elementor-element-e382f78 e-flex e-con-boxed wpr-particle-no wpr-jarallax-no wpr-parallax-no wpr-sticky-section-no wpr-equal-height-no e-con e-parent\" data-id=\"e382f78\" data-element_type=\"container\" data-e-type=\"container\">\n\t\t\t\t\t<div class=\"e-con-inner\">\n\t\t\t\t<div class=\"elementor-element elementor-element-faa14ae elementor-widget elementor-widget-wpr-google-maps\" data-id=\"faa14ae\" data-element_type=\"widget\" data-e-type=\"widget\" data-settings=\"{&quot;gm_zoom_depth&quot;:{&quot;unit&quot;:&quot;px&quot;,&quot;size&quot;:18,&quot;sizes&quot;:[]},&quot;gm_height&quot;:{&quot;unit&quot;:&quot;px&quot;,&quot;size&quot;:500,&quot;sizes&quot;:[]},&quot;gm_height_tablet&quot;:{&quot;unit&quot;:&quot;px&quot;,&quot;size&quot;:&quot;&quot;,&quot;sizes&quot;:[]},&quot;gm_height_mobile&quot;:{&quot;unit&quot;:&quot;px&quot;,&quot;size&quot;:&quot;&quot;,&quot;sizes&quot;:[]}}\" data-widget_type=\"wpr-google-maps.default\">\n\t\t\t\t\t<div class=\"wpr-google-map\" data-integration-type =\"without_api_key\"><iframe \n\t\t\t\t\tsrc=\"https:\/\/www.google.com\/maps?q=Magna%20Estetica&#038;z=18&#038;output=embed\" \n\t\t\t\t\twidth=\"100%\"\n\t\t\t\t\theight=\"500\"\n\t\t\t\t\tstyle=\"border:0;\" \n\t\t\t\t\tallowfullscreen=\"\" \n\t\t\t\t\tloading=\"lazy\"\n\t\t\t\t\treferrerpolicy=\"no-referrer-when-downgrade\">\n\t\t\t\t  <\/iframe><\/div>\t\t\t\t<\/div>\n\t\t\t\t\t<\/div>\n\t\t\t\t<\/div>\n\t\t<div class=\"elementor-element elementor-element-604c8aa7 e-flex e-con-boxed wpr-particle-no wpr-jarallax-no wpr-parallax-no wpr-sticky-section-no wpr-equal-height-no e-con e-parent\" data-id=\"604c8aa7\" data-element_type=\"container\" data-e-type=\"container\" data-settings=\"{&quot;background_background&quot;:&quot;classic&quot;}\">\n\t\t\t\t\t<div class=\"e-con-inner\">\n\t\t\t\t<div class=\"elementor-element elementor-element-14bb79ad elementor-widget-divider--view-line_icon elementor-view-default elementor-widget-divider--element-align-center elementor-widget elementor-widget-divider\" data-id=\"14bb79ad\" data-element_type=\"widget\" data-e-type=\"widget\" data-widget_type=\"divider.default\">\n\t\t\t\t\t\t\t<div class=\"elementor-divider\">\n\t\t\t<span class=\"elementor-divider-separator\">\n\t\t\t\t\t\t\t<div class=\"elementor-icon elementor-divider__element\">\n\t\t\t\t\t<i aria-hidden=\"true\" class=\"icon icon-google-map\"><\/i><\/div>\n\t\t\t\t\t\t<\/span>\n\t\t<\/div>\n\t\t\t\t\t\t<\/div>\n\t\t\t\t<div class=\"elementor-element elementor-element-3913bb8e elementor-widget elementor-widget-heading\" data-id=\"3913bb8e\" data-element_type=\"widget\" data-e-type=\"widget\" data-widget_type=\"heading.default\">\n\t\t\t\t\t<h2 class=\"elementor-heading-title elementor-size-default\">TALK TO US<\/h2>\t\t\t\t<\/div>\n\t\t\t\t<div class=\"elementor-element elementor-element-4b50bda3 elementor-widget elementor-widget-heading\" data-id=\"4b50bda3\" data-element_type=\"widget\" data-e-type=\"widget\" data-widget_type=\"heading.default\">\n\t\t\t\t\t<h2 class=\"elementor-heading-title elementor-size-default\">Let us answer all your questions<\/h2>\t\t\t\t<\/div>\n\t\t\t\t<div class=\"elementor-element elementor-element-3c77f7fe elementor-mobile-align-center elementor-align-center elementor-widget elementor-widget-button\" data-id=\"3c77f7fe\" data-element_type=\"widget\" data-e-type=\"widget\" data-widget_type=\"button.default\">\n\t\t\t\t\t\t\t\t\t\t<a class=\"elementor-button elementor-button-link elementor-size-sm\" href=\"https:\/\/magnaestetica.com\/en\/contacto\/\">\n\t\t\t\t\t\t<span class=\"elementor-button-content-wrapper\">\n\t\t\t\t\t\t<span class=\"elementor-button-icon\">\n\t\t\t\t<i aria-hidden=\"true\" class=\"icon icon-map-marker1\"><\/i>\t\t\t<\/span>\n\t\t\t\t\t\t\t\t\t<span class=\"elementor-button-text\">CONTACT US<\/span>\n\t\t\t\t\t<\/span>\n\t\t\t\t\t<\/a>\n\t\t\t\t\t\t\t\t<\/div>\n\t\t\t\t\t<\/div>\n\t\t\t\t<\/div>\n\t\t\t\t<\/div>","protected":false},"excerpt":{"rendered":"<p>NUESTRAS INSTALACIONES Un ambiente pensado para cuidar de ti. En nuestras instalaciones encontrar\u00e1s armon\u00eda, privacidad y equipos de \u00faltima generaci\u00f3n, todo en un espacio dise\u00f1ado para tu seguridad y bienestar. MAGNA EST\u00c9TICA Magna Est\u00e9tica\u2019s Plastic Surgery Unit is located at El Pac\u00edfico Medical Center and is led by Dr. Guarocuya Alm\u00e1nzar. CENTRO M\u00c9DICO EL PAC\u00cdFICO Calle Pedro Libio Cede\u00f1o #39, Ensanche Luper\u00f3n. Santo Domingo, D.N. Rep\u00fablica Dominicana +1(809) 422-9302 contacto@magnaestetica.com HABLA CON NOSOTROS Perm\u00edtenos responder todas tus preguntas CONT\u00c1CTANOS<\/p>","protected":false},"author":1,"featured_media":1550,"parent":0,"menu_order":0,"comment_status":"closed","ping_status":"closed","template":"elementor_header_footer","meta":{"_lmt_disableupdate":"no","_lmt_disable":"","footnotes":""},"class_list":["post-1780","page","type-page","status-publish","has-post-thumbnail"],"_links":{"self":[{"href":"https:\/\/magnaestetica.com\/en\/wp-json\/wp\/v2\/pages\/1780","targetHints":{"allow":["GET"]}}],"collection":[{"href":"https:\/\/magnaestetica.com\/en\/wp-json\/wp\/v2\/pages"}],"about":[{"href":"https:\/\/magnaestetica.com\/en\/wp-json\/wp\/v2\/types\/page"}],"author":[{"embeddable":true,"href":"https:\/\/magnaestetica.com\/en\/wp-json\/wp\/v2\/users\/1"}],"replies":[{"embeddable":true,"href":"https:\/\/magnaestetica.com\/en\/wp-json\/wp\/v2\/comments?post=1780"}],"version-history":[{"count":28,"href":"https:\/\/magnaestetica.com\/en\/wp-json\/wp\/v2\/pages\/1780\/revisions"}],"predecessor-version":[{"id":3108,"href":"https:\/\/magnaestetica.com\/en\/wp-json\/wp\/v2\/pages\/1780\/revisions\/3108"}],"wp:featuredmedia":[{"embeddable":true,"href":"https:\/\/magnaestetica.com\/en\/wp-json\/wp\/v2\/media\/1550"}],"wp:attachment":[{"href":"https:\/\/magnaestetica.com\/en\/wp-json\/wp\/v2\/media?parent=1780"}],"curies":[{"name":"wp","href":"https:\/\/api.w.org\/{rel}","templated":true}]}}