{"id":1920,"date":"2025-09-19T23:42:05","date_gmt":"2025-09-20T03:42:05","guid":{"rendered":"https:\/\/magnaestetica.com\/?page_id=1920"},"modified":"2025-10-15T11:53:45","modified_gmt":"2025-10-15T15:53:45","slug":"procedimientos","status":"publish","type":"page","link":"https:\/\/magnaestetica.com\/en\/procedimientos\/","title":{"rendered":"Procedures"},"content":{"rendered":"<div data-elementor-type=\"wp-page\" data-elementor-id=\"1920\" class=\"elementor elementor-1920\">\n\t\t\t\t<div class=\"elementor-element elementor-element-6d82982 e-flex e-con-boxed wpr-particle-no wpr-jarallax-no wpr-parallax-no wpr-sticky-section-no wpr-equal-height-no e-con e-parent\" data-id=\"6d82982\" data-element_type=\"container\" data-e-type=\"container\" data-settings=\"{&quot;background_background&quot;:&quot;classic&quot;}\">\n\t\t\t\t\t<div class=\"e-con-inner\">\n\t\t\t\t\t<\/div>\n\t\t\t\t<\/div>\n\t\t<div class=\"elementor-element elementor-element-84540bf e-flex e-con-boxed wpr-particle-no wpr-jarallax-no wpr-parallax-no wpr-sticky-section-no wpr-equal-height-no e-con e-parent\" data-id=\"84540bf\" data-element_type=\"container\" data-e-type=\"container\">\n\t\t\t\t\t<div class=\"e-con-inner\">\n\t\t\t\t<div class=\"elementor-element elementor-element-a57e93e elementor-widget elementor-widget-heading\" data-id=\"a57e93e\" data-element_type=\"widget\" data-e-type=\"widget\" data-widget_type=\"heading.default\">\n\t\t\t\t\t<h2 class=\"elementor-heading-title elementor-size-default\">AESTHETIC PROCEDURES<\/h2>\t\t\t\t<\/div>\n\t\t\t\t<div class=\"elementor-element elementor-element-4ccee7e elementor-widget elementor-widget-text-editor\" data-id=\"4ccee7e\" data-element_type=\"widget\" data-e-type=\"widget\" data-widget_type=\"text-editor.default\">\n\t\t\t\t\t\t\t\t\t<p>Every detail enhances your essence. Our procedures are designed to highlight your beauty and give you the confidence of a renewed version of yourself.<\/p>\t\t\t\t\t\t\t\t<\/div>\n\t\t\t\t<div class=\"elementor-element elementor-element-f2554c5 elementor-widget-divider--view-line_icon elementor-view-default elementor-widget-divider--element-align-center elementor-widget elementor-widget-divider\" data-id=\"f2554c5\" data-element_type=\"widget\" data-e-type=\"widget\" data-widget_type=\"divider.default\">\n\t\t\t\t\t\t\t<div class=\"elementor-divider\">\n\t\t\t<span class=\"elementor-divider-separator\">\n\t\t\t\t\t\t\t<div class=\"elementor-icon elementor-divider__element\">\n\t\t\t\t\t<i aria-hidden=\"true\" class=\"icon icon-flower\"><\/i><\/div>\n\t\t\t\t\t\t<\/span>\n\t\t<\/div>\n\t\t\t\t\t\t<\/div>\n\t\t\t\t\t<\/div>\n\t\t\t\t<\/div>\n\t\t<div class=\"elementor-element elementor-element-eba95d9 e-flex e-con-boxed wpr-particle-no wpr-jarallax-no wpr-parallax-no wpr-sticky-section-no wpr-equal-height-no e-con e-parent\" data-id=\"eba95d9\" data-element_type=\"container\" data-e-type=\"container\">\n\t\t\t\t\t<div class=\"e-con-inner\">\n\t\t\t\t<div class=\"elementor-element elementor-element-efe17fa elementor-widget elementor-widget-heading\" data-id=\"efe17fa\" data-element_type=\"widget\" data-e-type=\"widget\" data-widget_type=\"heading.default\">\n\t\t\t\t\t<h2 class=\"elementor-heading-title elementor-size-default\">Body Sculpting<\/h2>\t\t\t\t<\/div>\n\t\t\t\t<div class=\"elementor-element elementor-element-8c1cfa2 elementor-widget elementor-widget-wpr-magazine-grid\" data-id=\"8c1cfa2\" data-element_type=\"widget\" data-e-type=\"widget\" data-widget_type=\"wpr-magazine-grid.default\">\n\t\t\t\t\t<div class=\"wpr-magazine-grid-wrap\"  data-slide-effect=\"\"><section class=\"wpr-magazine-grid wpr-mgzn-grid-4-h wpr-mgzn-grid-rows-1\"><article class=\"wpr-mgzn-grid-item elementor-clearfix post-1474 post type-post status-publish format-standard has-post-thumbnail hentry category-procedimientos\"><div class=\"wpr-grid-item-inner\"><div class=\"wpr-grid-media-wrap\" data-overlay-link=\"yes\"><div class=\"wpr-grid-image-wrap\" data-src=\"https:\/\/magnaestetica.com\/wp-content\/uploads\/2025\/09\/liposuccion-seo.webp\" style=\"background-image: url(https:\/\/magnaestetica.com\/wp-content\/uploads\/2025\/09\/liposuccion-seo.webp)\"><\/div><div class=\"wpr-grid-media-hover wpr-animation-wrap\"><div class=\"wpr-grid-media-hover-bg  wpr-overlay-fade-out wpr-anim-size-medium wpr-anim-timing-ease-default wpr-anim-transparency\" data-url=\"https:\/\/magnaestetica.com\/en\/liposuccion\/\"><\/div><div class=\"wpr-grid-media-hover-bottom elementor-clearfix\"><h2 class=\"wpr-grid-item-title elementor-repeater-item-de1e360 wpr-grid-item-display-block wpr-grid-item-align-left wpr-pointer-none wpr-pointer-line-fx wpr-pointer-fx-fade\"><div class=\"inner-block\"><a  target=\"_self\"  href=\"https:\/\/magnaestetica.com\/en\/liposuccion\/\">Liposuction<\/a><\/div><\/h2><\/div><\/div><\/div><\/div><\/article><article class=\"wpr-mgzn-grid-item elementor-clearfix post-1257 post type-post status-publish format-standard has-post-thumbnail hentry category-procedimientos\"><div class=\"wpr-grid-item-inner\"><div class=\"wpr-grid-media-wrap\" data-overlay-link=\"yes\"><div class=\"wpr-grid-image-wrap\" data-src=\"https:\/\/magnaestetica.com\/wp-content\/uploads\/2025\/09\/gluteoplastia_seo.webp\" style=\"background-image: url(https:\/\/magnaestetica.com\/wp-content\/uploads\/2025\/09\/gluteoplastia_seo.webp)\"><\/div><div class=\"wpr-grid-media-hover wpr-animation-wrap\"><div class=\"wpr-grid-media-hover-bg  wpr-overlay-fade-out wpr-anim-size-medium wpr-anim-timing-ease-default wpr-anim-transparency\" data-url=\"https:\/\/magnaestetica.com\/en\/gluteoplastia\/\"><\/div><div class=\"wpr-grid-media-hover-bottom elementor-clearfix\"><h2 class=\"wpr-grid-item-title elementor-repeater-item-de1e360 wpr-grid-item-display-block wpr-grid-item-align-left wpr-pointer-none wpr-pointer-line-fx wpr-pointer-fx-fade\"><div class=\"inner-block\"><a  target=\"_self\"  href=\"https:\/\/magnaestetica.com\/en\/gluteoplastia\/\">Buttock Augmentation<\/a><\/div><\/h2><\/div><\/div><\/div><\/div><\/article><article class=\"wpr-mgzn-grid-item elementor-clearfix post-1181 post type-post status-publish format-standard has-post-thumbnail hentry category-procedimientos\"><div class=\"wpr-grid-item-inner\"><div class=\"wpr-grid-media-wrap\" data-overlay-link=\"yes\"><div class=\"wpr-grid-image-wrap\" data-src=\"https:\/\/magnaestetica.com\/wp-content\/uploads\/2025\/09\/abdominoplastia-seo-magnaestetica.webp\" style=\"background-image: url(https:\/\/magnaestetica.com\/wp-content\/uploads\/2025\/09\/abdominoplastia-seo-magnaestetica.webp)\"><\/div><div class=\"wpr-grid-media-hover wpr-animation-wrap\"><div class=\"wpr-grid-media-hover-bg  wpr-overlay-fade-out wpr-anim-size-medium wpr-anim-timing-ease-default wpr-anim-transparency\" data-url=\"https:\/\/magnaestetica.com\/en\/abdominoplastia\/\"><\/div><div class=\"wpr-grid-media-hover-bottom elementor-clearfix\"><h2 class=\"wpr-grid-item-title elementor-repeater-item-de1e360 wpr-grid-item-display-block wpr-grid-item-align-left wpr-pointer-none wpr-pointer-line-fx wpr-pointer-fx-fade\"><div class=\"inner-block\"><a  target=\"_self\"  href=\"https:\/\/magnaestetica.com\/en\/abdominoplastia\/\">Abdominoplasty (Tummy Tuck)<\/a><\/div><\/h2><\/div><\/div><\/div><\/div><\/article><article class=\"wpr-mgzn-grid-item elementor-clearfix post-529 post type-post status-publish format-standard has-post-thumbnail hentry category-procedimientos\"><div class=\"wpr-grid-item-inner\"><div class=\"wpr-grid-media-wrap\" data-overlay-link=\"yes\"><div class=\"wpr-grid-image-wrap\" data-src=\"https:\/\/magnaestetica.com\/wp-content\/uploads\/2025\/09\/gluteoplastia-seo.webp\" style=\"background-image: url(https:\/\/magnaestetica.com\/wp-content\/uploads\/2025\/09\/gluteoplastia-seo.webp)\"><\/div><div class=\"wpr-grid-media-hover wpr-animation-wrap\"><div class=\"wpr-grid-media-hover-bg  wpr-overlay-fade-out wpr-anim-size-medium wpr-anim-timing-ease-default wpr-anim-transparency\" data-url=\"https:\/\/magnaestetica.com\/en\/lipoescultura-bbl\/\"><\/div><div class=\"wpr-grid-media-hover-bottom elementor-clearfix\"><h2 class=\"wpr-grid-item-title elementor-repeater-item-de1e360 wpr-grid-item-display-block wpr-grid-item-align-left wpr-pointer-none wpr-pointer-line-fx wpr-pointer-fx-fade\"><div class=\"inner-block\"><a  target=\"_self\"  href=\"https:\/\/magnaestetica.com\/en\/lipoescultura-bbl\/\">BBL Liposculpture (Brazilian Butt Lift)<\/a><\/div><\/h2><\/div><\/div><\/div><\/div><\/article><\/section><\/div>\t\t\t\t<\/div>\n\t\t\t\t\t<\/div>\n\t\t\t\t<\/div>\n\t\t<div class=\"elementor-element elementor-element-ace443d e-flex e-con-boxed wpr-particle-no wpr-jarallax-no wpr-parallax-no wpr-sticky-section-no wpr-equal-height-no e-con e-parent\" data-id=\"ace443d\" data-element_type=\"container\" data-e-type=\"container\">\n\t\t\t\t\t<div class=\"e-con-inner\">\n\t\t\t\t<div class=\"elementor-element elementor-element-b92f217 elementor-widget elementor-widget-heading\" data-id=\"b92f217\" data-element_type=\"widget\" data-e-type=\"widget\" data-widget_type=\"heading.default\">\n\t\t\t\t\t<h2 class=\"elementor-heading-title elementor-size-default\">Breast Surgery<\/h2>\t\t\t\t<\/div>\n\t\t\t\t<div class=\"elementor-element elementor-element-434eb6a elementor-widget elementor-widget-wpr-magazine-grid\" data-id=\"434eb6a\" data-element_type=\"widget\" data-e-type=\"widget\" data-widget_type=\"wpr-magazine-grid.default\">\n\t\t\t\t\t<div class=\"wpr-magazine-grid-wrap\"  data-slide-effect=\"\"><section class=\"wpr-magazine-grid wpr-mgzn-grid-4-h wpr-mgzn-grid-rows-1\"><article class=\"wpr-mgzn-grid-item elementor-clearfix post-1438 post type-post status-publish format-standard has-post-thumbnail hentry category-procedimientos\"><div class=\"wpr-grid-item-inner\"><div class=\"wpr-grid-media-wrap\" data-overlay-link=\"yes\"><div class=\"wpr-grid-image-wrap\" data-src=\"https:\/\/magnaestetica.com\/wp-content\/uploads\/2025\/09\/reduccion-de-senos-seo.webp\" style=\"background-image: url(https:\/\/magnaestetica.com\/wp-content\/uploads\/2025\/09\/reduccion-de-senos-seo.webp)\"><\/div><div class=\"wpr-grid-media-hover wpr-animation-wrap\"><div class=\"wpr-grid-media-hover-bg  wpr-overlay-fade-out wpr-anim-size-medium wpr-anim-timing-ease-default wpr-anim-transparency\" data-url=\"https:\/\/magnaestetica.com\/en\/reduccion-de-senos\/\"><\/div><div class=\"wpr-grid-media-hover-bottom elementor-clearfix\"><h2 class=\"wpr-grid-item-title elementor-repeater-item-de1e360 wpr-grid-item-display-block wpr-grid-item-align-left wpr-pointer-none wpr-pointer-line-fx wpr-pointer-fx-fade\"><div class=\"inner-block\"><a  target=\"_self\"  href=\"https:\/\/magnaestetica.com\/en\/reduccion-de-senos\/\">Breast Reduction<\/a><\/div><\/h2><\/div><\/div><\/div><\/div><\/article><article class=\"wpr-mgzn-grid-item elementor-clearfix post-1412 post type-post status-publish format-standard has-post-thumbnail hentry category-procedimientos\"><div class=\"wpr-grid-item-inner\"><div class=\"wpr-grid-media-wrap\" data-overlay-link=\"yes\"><div class=\"wpr-grid-image-wrap\" data-src=\"https:\/\/magnaestetica.com\/wp-content\/uploads\/2025\/09\/aumento-de-senos-seo.webp\" style=\"background-image: url(https:\/\/magnaestetica.com\/wp-content\/uploads\/2025\/09\/aumento-de-senos-seo.webp)\"><\/div><div class=\"wpr-grid-media-hover wpr-animation-wrap\"><div class=\"wpr-grid-media-hover-bg  wpr-overlay-fade-out wpr-anim-size-medium wpr-anim-timing-ease-default wpr-anim-transparency\" data-url=\"https:\/\/magnaestetica.com\/en\/aumento-de-senos\/\"><\/div><div class=\"wpr-grid-media-hover-bottom elementor-clearfix\"><h2 class=\"wpr-grid-item-title elementor-repeater-item-de1e360 wpr-grid-item-display-block wpr-grid-item-align-left wpr-pointer-none wpr-pointer-line-fx wpr-pointer-fx-fade\"><div class=\"inner-block\"><a  target=\"_self\"  href=\"https:\/\/magnaestetica.com\/en\/aumento-de-senos\/\">Breast Augmentation<\/a><\/div><\/h2><\/div><\/div><\/div><\/div><\/article><article class=\"wpr-mgzn-grid-item elementor-clearfix post-1314 post type-post status-publish format-standard has-post-thumbnail hentry category-procedimientos\"><div class=\"wpr-grid-item-inner\"><div class=\"wpr-grid-media-wrap\" data-overlay-link=\"yes\"><div class=\"wpr-grid-image-wrap\" data-src=\"https:\/\/magnaestetica.com\/wp-content\/uploads\/2025\/09\/levantamiento-senos-seo.webp\" style=\"background-image: url(https:\/\/magnaestetica.com\/wp-content\/uploads\/2025\/09\/levantamiento-senos-seo.webp)\"><\/div><div class=\"wpr-grid-media-hover wpr-animation-wrap\"><div class=\"wpr-grid-media-hover-bg  wpr-overlay-fade-out wpr-anim-size-medium wpr-anim-timing-ease-default wpr-anim-transparency\" data-url=\"https:\/\/magnaestetica.com\/en\/levantamiento-de-senos\/\"><\/div><div class=\"wpr-grid-media-hover-bottom elementor-clearfix\"><h2 class=\"wpr-grid-item-title elementor-repeater-item-de1e360 wpr-grid-item-display-block wpr-grid-item-align-left wpr-pointer-none wpr-pointer-line-fx wpr-pointer-fx-fade\"><div class=\"inner-block\"><a  target=\"_self\"  href=\"https:\/\/magnaestetica.com\/en\/levantamiento-de-senos\/\">Breast Lift<\/a><\/div><\/h2><\/div><\/div><\/div><\/div><\/article><\/section><\/div>\t\t\t\t<\/div>\n\t\t\t\t\t<\/div>\n\t\t\t\t<\/div>\n\t\t<div class=\"elementor-element elementor-element-f777f91 e-flex e-con-boxed wpr-particle-no wpr-jarallax-no wpr-parallax-no wpr-sticky-section-no wpr-equal-height-no e-con e-parent\" data-id=\"f777f91\" data-element_type=\"container\" data-e-type=\"container\">\n\t\t\t\t\t<div class=\"e-con-inner\">\n\t\t\t\t<div class=\"elementor-element elementor-element-dfec90b elementor-widget elementor-widget-heading\" data-id=\"dfec90b\" data-element_type=\"widget\" data-e-type=\"widget\" data-widget_type=\"heading.default\">\n\t\t\t\t\t<h2 class=\"elementor-heading-title elementor-size-default\">Facial Surgery<\/h2>\t\t\t\t<\/div>\n\t\t\t\t<div class=\"elementor-element elementor-element-ea15638 elementor-widget elementor-widget-wpr-magazine-grid\" data-id=\"ea15638\" data-element_type=\"widget\" data-e-type=\"widget\" data-widget_type=\"wpr-magazine-grid.default\">\n\t\t\t\t\t<div class=\"wpr-magazine-grid-wrap\"  data-slide-effect=\"\"><section class=\"wpr-magazine-grid wpr-mgzn-grid-4-h wpr-mgzn-grid-rows-1\"><article class=\"wpr-mgzn-grid-item elementor-clearfix post-1454 post type-post status-publish format-standard has-post-thumbnail hentry category-procedimientos\"><div class=\"wpr-grid-item-inner\"><div class=\"wpr-grid-media-wrap\" data-overlay-link=\"yes\"><div class=\"wpr-grid-image-wrap\" data-src=\"https:\/\/magnaestetica.com\/wp-content\/uploads\/2025\/09\/rinoplastia-seo.webp\" style=\"background-image: url(https:\/\/magnaestetica.com\/wp-content\/uploads\/2025\/09\/rinoplastia-seo.webp)\"><\/div><div class=\"wpr-grid-media-hover wpr-animation-wrap\"><div class=\"wpr-grid-media-hover-bg  wpr-overlay-fade-out wpr-anim-size-medium wpr-anim-timing-ease-default wpr-anim-transparency\" data-url=\"https:\/\/magnaestetica.com\/en\/nariz-o-rinoplastia\/\"><\/div><div class=\"wpr-grid-media-hover-bottom elementor-clearfix\"><h2 class=\"wpr-grid-item-title elementor-repeater-item-de1e360 wpr-grid-item-display-block wpr-grid-item-align-left wpr-pointer-none wpr-pointer-line-fx wpr-pointer-fx-fade\"><div class=\"inner-block\"><a  target=\"_self\"  href=\"https:\/\/magnaestetica.com\/en\/nariz-o-rinoplastia\/\">Nose or Rhinoplasty<\/a><\/div><\/h2><\/div><\/div><\/div><\/div><\/article><article class=\"wpr-mgzn-grid-item elementor-clearfix post-1390 post type-post status-publish format-standard has-post-thumbnail hentry category-procedimientos\"><div class=\"wpr-grid-item-inner\"><div class=\"wpr-grid-media-wrap\" data-overlay-link=\"yes\"><div class=\"wpr-grid-image-wrap\" data-src=\"https:\/\/magnaestetica.com\/wp-content\/uploads\/2025\/09\/blefaroplastia-seo.webp\" style=\"background-image: url(https:\/\/magnaestetica.com\/wp-content\/uploads\/2025\/09\/blefaroplastia-seo.webp)\"><\/div><div class=\"wpr-grid-media-hover wpr-animation-wrap\"><div class=\"wpr-grid-media-hover-bg  wpr-overlay-fade-out wpr-anim-size-medium wpr-anim-timing-ease-default wpr-anim-transparency\" data-url=\"https:\/\/magnaestetica.com\/en\/parpados-o-blefaroplastia\/\"><\/div><div class=\"wpr-grid-media-hover-bottom elementor-clearfix\"><h2 class=\"wpr-grid-item-title elementor-repeater-item-de1e360 wpr-grid-item-display-block wpr-grid-item-align-left wpr-pointer-none wpr-pointer-line-fx wpr-pointer-fx-fade\"><div class=\"inner-block\"><a  target=\"_self\"  href=\"https:\/\/magnaestetica.com\/en\/parpados-o-blefaroplastia\/\">Eyelids or Blepharoplasty<\/a><\/div><\/h2><\/div><\/div><\/div><\/div><\/article><article class=\"wpr-mgzn-grid-item elementor-clearfix post-1368 post type-post status-publish format-standard has-post-thumbnail hentry category-procedimientos\"><div class=\"wpr-grid-item-inner\"><div class=\"wpr-grid-media-wrap\" data-overlay-link=\"yes\"><div class=\"wpr-grid-image-wrap\" data-src=\"https:\/\/magnaestetica.com\/wp-content\/uploads\/2025\/09\/lifting-facial-seo.webp\" style=\"background-image: url(https:\/\/magnaestetica.com\/wp-content\/uploads\/2025\/09\/lifting-facial-seo.webp)\"><\/div><div class=\"wpr-grid-media-hover wpr-animation-wrap\"><div class=\"wpr-grid-media-hover-bg  wpr-overlay-fade-out wpr-anim-size-medium wpr-anim-timing-ease-default wpr-anim-transparency\" data-url=\"https:\/\/magnaestetica.com\/en\/lifting-facial\/\"><\/div><div class=\"wpr-grid-media-hover-bottom elementor-clearfix\"><h2 class=\"wpr-grid-item-title elementor-repeater-item-de1e360 wpr-grid-item-display-block wpr-grid-item-align-left wpr-pointer-none wpr-pointer-line-fx wpr-pointer-fx-fade\"><div class=\"inner-block\"><a  target=\"_self\"  href=\"https:\/\/magnaestetica.com\/en\/lifting-facial\/\">Facelift<\/a><\/div><\/h2><\/div><\/div><\/div><\/div><\/article><\/section><\/div>\t\t\t\t<\/div>\n\t\t\t\t\t<\/div>\n\t\t\t\t<\/div>\n\t\t\t\t<\/div>","protected":false},"excerpt":{"rendered":"<p>PROCEDIMIENTOS Cada detalle realza tu esencia. Nuestros procedimientos est\u00e1n pensados para resaltar tu belleza y brindarte la confianza de una nueva versi\u00f3n de ti misma Modelado Corporal Liposucci\u00f3n Gluteoplastia o aumento de gl\u00fateos Abdominoplastia Lipoescultura BBL (Brazilian Butt Lift) Cirug\u00eda de Busto Reducci\u00f3n de senos Aumento de senos Levantamiento de senos Cirug\u00eda Facial Nariz o Rinoplastia P\u00e1rpados o Blefaroplastia Lifting o Estiramiento facial<\/p>","protected":false},"author":1,"featured_media":1921,"parent":0,"menu_order":0,"comment_status":"closed","ping_status":"closed","template":"elementor_header_footer","meta":{"_lmt_disableupdate":"no","_lmt_disable":"","footnotes":""},"class_list":["post-1920","page","type-page","status-publish","has-post-thumbnail","hentry"],"_links":{"self":[{"href":"https:\/\/magnaestetica.com\/en\/wp-json\/wp\/v2\/pages\/1920","targetHints":{"allow":["GET"]}}],"collection":[{"href":"https:\/\/magnaestetica.com\/en\/wp-json\/wp\/v2\/pages"}],"about":[{"href":"https:\/\/magnaestetica.com\/en\/wp-json\/wp\/v2\/types\/page"}],"author":[{"embeddable":true,"href":"https:\/\/magnaestetica.com\/en\/wp-json\/wp\/v2\/users\/1"}],"replies":[{"embeddable":true,"href":"https:\/\/magnaestetica.com\/en\/wp-json\/wp\/v2\/comments?post=1920"}],"version-history":[{"count":28,"href":"https:\/\/magnaestetica.com\/en\/wp-json\/wp\/v2\/pages\/1920\/revisions"}],"predecessor-version":[{"id":3009,"href":"https:\/\/magnaestetica.com\/en\/wp-json\/wp\/v2\/pages\/1920\/revisions\/3009"}],"wp:featuredmedia":[{"embeddable":true,"href":"https:\/\/magnaestetica.com\/en\/wp-json\/wp\/v2\/media\/1921"}],"wp:attachment":[{"href":"https:\/\/magnaestetica.com\/en\/wp-json\/wp\/v2\/media?parent=1920"}],"curies":[{"name":"wp","href":"https:\/\/api.w.org\/{rel}","templated":true}]}}